{"id":907,"date":"2024-04-22T20:05:37","date_gmt":"2024-04-22T20:05:37","guid":{"rendered":"https:\/\/www.dlgroup.it\/?page_id=907"},"modified":"2024-06-28T14:09:04","modified_gmt":"2024-06-28T14:09:04","slug":"ce-que-nous-offrons","status":"publish","type":"page","link":"https:\/\/www.dlgroup.it\/fr\/ce-que-nous-offrons\/","title":{"rendered":"Ce Que Nous Offrons"},"content":{"rendered":"<strong>De Luca Groupe<\/strong> propose une large gamme de produits et de services qui facilitent votre vie et celui des g\u00e9n\u00e9rations futures! En plus de cela, nos services vous <strong>\u00e9conomisez jusqu'\u00e0 100%<\/strong> sur vos factures courantes.\n\n<!-- \/wp:post-content -->\n\n<!-- wp:heading -->\n<h2 class=\"wp-block-heading\">L'Installation de Panneaux Photovolta\u00efques<\/h2>\n<!-- \/wp:heading -->\n\n<!-- wp:quote -->\n<blockquote class=\"wp-block-quote\"><!-- wp:paragraph --><img fetchpriority=\"high\" decoding=\"async\" class=\"alignnone size-medium wp-image-896\" src=\"https:\/\/www.dlgroup.it\/wp-content\/uploads\/2024\/04\/pannelli_solari-300x200.jpg\" alt=\"\" width=\"300\" height=\"200\" srcset=\"https:\/\/www.dlgroup.it\/wp-content\/uploads\/2024\/04\/pannelli_solari-300x200.jpg 300w, https:\/\/www.dlgroup.it\/wp-content\/uploads\/2024\/04\/pannelli_solari-600x400.jpg 600w, https:\/\/www.dlgroup.it\/wp-content\/uploads\/2024\/04\/pannelli_solari.jpg 626w\" sizes=\"(max-width: 300px) 100vw, 300px\" \/>Des panneaux solaires, une fois install\u00e9 va faire de votre maison vert, mais pas seulement, <strong>enregistrer 100%<\/strong> la consommation d'\u00e9nergie, <strong>vous pouvez les stocker et de vendre!<\/strong> <!-- \/wp:paragraph --><\/blockquote>\n<!-- \/wp:quote -->\n\n<!-- wp:heading -->\n<h2 class=\"wp-block-heading\">Des stations de recharge de voitures \u00e9lectriques<\/h2>\n<!-- \/wp:heading -->\n\n<!-- wp:quote -->\n<blockquote class=\"wp-block-quote\"><!-- wp:paragraph --><img decoding=\"async\" class=\"alignnone size-full wp-image-918\" src=\"https:\/\/www.dlgroup.it\/wp-content\/uploads\/2024\/04\/colonnine-ricarica.jpg\" alt=\"\" width=\"291\" height=\"173\" \/><strong>Dans quelques heures<\/strong> nous allons installer le chargement de votre voiture \u00e9lectrique qui est directement connect\u00e9 \u00e0 votre syst\u00e8me pv. <!-- \/wp:paragraph --><\/blockquote>\n<!-- \/wp:quote -->\n\n<!-- wp:heading -->\n<h2 class=\"wp-block-heading\">Conditionneurs d'Air et pompes \u00e0 chaleur<\/h2>\n<!-- \/wp:heading -->\n\n<!-- wp:quote -->\n<blockquote class=\"wp-block-quote\"><!-- wp:paragraph --><img decoding=\"async\" class=\"alignnone size-full wp-image-922\" src=\"https:\/\/www.dlgroup.it\/wp-content\/uploads\/2024\/04\/pompa.jpg\" alt=\"\" width=\"291\" height=\"173\" \/>Nos techniciens sont des experts dans l'installation de climatiseurs et pompes \u00e0 chaleur <!-- \/wp:paragraph --><\/blockquote>\n<!-- \/wp:quote -->\n\n<!-- wp:heading -->\n<h2 class=\"wp-block-heading\">Bo\u00eete \u00e0 compartiment pv<\/h2>\n<!-- \/wp:heading -->\n\n<!-- wp:quote -->\n<blockquote class=\"wp-block-quote\"><!-- wp:paragraph --><img loading=\"lazy\" decoding=\"async\" class=\"alignnone size-medium wp-image-924\" src=\"https:\/\/www.dlgroup.it\/wp-content\/uploads\/2024\/04\/vano-300x225.jpg\" alt=\"\" width=\"300\" height=\"225\" srcset=\"https:\/\/www.dlgroup.it\/wp-content\/uploads\/2024\/04\/vano-300x225.jpg 300w, https:\/\/www.dlgroup.it\/wp-content\/uploads\/2024\/04\/vano-1024x768.jpg 1024w, https:\/\/www.dlgroup.it\/wp-content\/uploads\/2024\/04\/vano-768x576.jpg 768w, https:\/\/www.dlgroup.it\/wp-content\/uploads\/2024\/04\/vano-1536x1152.jpg 1536w, https:\/\/www.dlgroup.it\/wp-content\/uploads\/2024\/04\/vano-2048x1536.jpg 2048w, https:\/\/www.dlgroup.it\/wp-content\/uploads\/2024\/04\/vano-770x578.jpg 770w, https:\/\/www.dlgroup.it\/wp-content\/uploads\/2024\/04\/vano-1320x990.jpg 1320w, https:\/\/www.dlgroup.it\/wp-content\/uploads\/2024\/04\/vano-600x450.jpg 600w\" sizes=\"(max-width: 300px) 100vw, 300px\" \/>Si votre onduleur est situ\u00e9 \u00e0 l'ext\u00e9rieur ou dans un endroit expos\u00e9 aux agents atmosph\u00e9riques, peut \u00eatre personnalis\u00e9 <strong>une bo\u00eete qui permettra de prot\u00e9ger votre compartiment pv<\/strong>peuvent \u00eatre r\u00e9alis\u00e9s en diff\u00e9rents mat\u00e9riaux et finitions. <!-- \/wp:paragraph --><\/blockquote>\n<!-- \/wp:quote -->\n\n<!-- wp:heading -->\n<h2 class=\"wp-block-heading\">R\u00e9novation des installations existantes<\/h2>\n<!-- \/wp:heading -->\n\n<!-- wp:quote -->\n<blockquote class=\"wp-block-quote\"><!-- wp:paragraph -->Si vous disposez d\u00e9j\u00e0 d'un syst\u00e8me pv, mais <strong>l'\u00e9nergie produite, il n'est plus suffisante<\/strong> <strong>on peut alors prolonger votre ligne semplimente l'ajout de panneaux solaires en quelques heures seulement<\/strong>. Si l'\u00e9nergie produite est suffisante, mais vous souhaitez installer une recharge pour votre voiture, veuillez nous contacter dans quelques heures, nous permet d'\u00e9largir votre plate-forme! <!-- \/wp:paragraph --><\/blockquote>\n<!-- \/wp:quote -->\n\n<!-- wp:paragraph \/-->","protected":false},"excerpt":{"rendered":"<p>De Luca Group offre un ampia gamma di servizi e prodotti che agevoleranno la vostra vita e quella delle generazioni future! Oltre a questo i nostri servizi ti faranno risparmiare fino al 100% sulle attuali bollette. Installazione di Pannelli Fotovoltaici I pannelli fotovoltaici una volta installati renderanno la tua abitazione green ma non solo, risparmierai il 100% sull&#8217;energia consumata, potrai immagazzinarla e addirittura venderla! Colonnine di ricarica auto elettriche In[&hellip;]<\/p>","protected":false},"author":1,"featured_media":0,"parent":0,"menu_order":0,"comment_status":"closed","ping_status":"closed","template":"","meta":{"footnotes":""},"class_list":["post-907","page","type-page","status-publish","hentry"],"acf":[],"yoast_head":"<!-- This site is optimized with the Yoast SEO Premium plugin v25.7.1 (Yoast SEO v25.7) - https:\/\/yoast.com\/wordpress\/plugins\/seo\/ -->\n<title>Cosa Offriamo - Vendita e Installazione di Impianti Fotovoltaici | Dl Group<\/title>\n<meta name=\"description\" content=\"La Dl Group offre un ampia gamma di servizi, installazione impianti fotovoltaici, pompe di calore e condizionatori.\" \/>\n<meta name=\"robots\" content=\"index, follow, max-snippet:-1, max-image-preview:large, max-video-preview:-1\" \/>\n<link rel=\"canonical\" href=\"https:\/\/www.dlgroup.it\/fr\/ce-que-nous-offrons\/\" \/>\n<meta property=\"og:locale\" content=\"fr_FR\" \/>\n<meta property=\"og:type\" content=\"article\" \/>\n<meta property=\"og:title\" content=\"Cosa Offriamo\" \/>\n<meta property=\"og:description\" content=\"La Dl Group offre un ampia gamma di servizi, installazione impianti fotovoltaici, pompe di calore e condizionatori.\" \/>\n<meta property=\"og:url\" content=\"https:\/\/www.dlgroup.it\/fr\/ce-que-nous-offrons\/\" \/>\n<meta property=\"og:site_name\" content=\"Vendita e Installazione di Impianti Fotovoltaici | Dl Group\" \/>\n<meta property=\"article:modified_time\" content=\"2024-06-28T14:09:04+00:00\" \/>\n<meta property=\"og:image\" content=\"https:\/\/www.dlgroup.it\/wp-content\/uploads\/2024\/04\/pannelli_solari-300x200.jpg\" \/>\n<meta name=\"twitter:card\" content=\"summary_large_image\" \/>\n<meta name=\"twitter:label1\" content=\"Dur\u00e9e de lecture estim\u00e9e\" \/>\n\t<meta name=\"twitter:data1\" content=\"1 minute\" \/>\n<script type=\"application\/ld+json\" class=\"yoast-schema-graph\">{\"@context\":\"https:\/\/schema.org\",\"@graph\":[{\"@type\":\"WebPage\",\"@id\":\"https:\/\/www.dlgroup.it\/cosa-offriamo\/\",\"url\":\"https:\/\/www.dlgroup.it\/cosa-offriamo\/\",\"name\":\"Cosa Offriamo - Vendita e Installazione di Impianti Fotovoltaici | Dl Group\",\"isPartOf\":{\"@id\":\"https:\/\/www.dlgroup.it\/#website\"},\"primaryImageOfPage\":{\"@id\":\"https:\/\/www.dlgroup.it\/cosa-offriamo\/#primaryimage\"},\"image\":{\"@id\":\"https:\/\/www.dlgroup.it\/cosa-offriamo\/#primaryimage\"},\"thumbnailUrl\":\"https:\/\/www.dlgroup.it\/wp-content\/uploads\/2024\/04\/pannelli_solari-300x200.jpg\",\"datePublished\":\"2024-04-22T20:05:37+00:00\",\"dateModified\":\"2024-06-28T14:09:04+00:00\",\"description\":\"La Dl Group offre un ampia gamma di servizi, installazione impianti fotovoltaici, pompe di calore e condizionatori.\",\"breadcrumb\":{\"@id\":\"https:\/\/www.dlgroup.it\/cosa-offriamo\/#breadcrumb\"},\"inLanguage\":\"fr-FR\",\"potentialAction\":[{\"@type\":\"ReadAction\",\"target\":[\"https:\/\/www.dlgroup.it\/cosa-offriamo\/\"]}]},{\"@type\":\"ImageObject\",\"inLanguage\":\"fr-FR\",\"@id\":\"https:\/\/www.dlgroup.it\/cosa-offriamo\/#primaryimage\",\"url\":\"https:\/\/www.dlgroup.it\/wp-content\/uploads\/2024\/04\/pannelli_solari-300x200.jpg\",\"contentUrl\":\"https:\/\/www.dlgroup.it\/wp-content\/uploads\/2024\/04\/pannelli_solari-300x200.jpg\"},{\"@type\":\"BreadcrumbList\",\"@id\":\"https:\/\/www.dlgroup.it\/cosa-offriamo\/#breadcrumb\",\"itemListElement\":[{\"@type\":\"ListItem\",\"position\":1,\"name\":\"Home\",\"item\":\"https:\/\/www.dlgroup.it\/\"},{\"@type\":\"ListItem\",\"position\":2,\"name\":\"Cosa Offriamo\"}]},{\"@type\":\"WebSite\",\"@id\":\"https:\/\/www.dlgroup.it\/#website\",\"url\":\"https:\/\/www.dlgroup.it\/\",\"name\":\"One question, is there a tool that creates URLs automatically without having to type them?\",\"description\":\"Vendita e Installazione di Impianti fotovoltaici a Frosinone e nel Lazio\",\"publisher\":{\"@id\":\"https:\/\/www.dlgroup.it\/#organization\"},\"potentialAction\":[{\"@type\":\"SearchAction\",\"target\":{\"@type\":\"EntryPoint\",\"urlTemplate\":\"https:\/\/www.dlgroup.it\/?s={search_term_string}\"},\"query-input\":{\"@type\":\"PropertyValueSpecification\",\"valueRequired\":true,\"valueName\":\"search_term_string\"}}],\"inLanguage\":\"fr-FR\"},{\"@type\":\"Organization\",\"@id\":\"https:\/\/www.dlgroup.it\/#organization\",\"name\":\"De Luca Group\",\"url\":\"https:\/\/www.dlgroup.it\/\",\"logo\":{\"@type\":\"ImageObject\",\"inLanguage\":\"fr-FR\",\"@id\":\"https:\/\/www.dlgroup.it\/#\/schema\/logo\/image\/\",\"url\":\"https:\/\/www.dlgroup.it\/wp-content\/uploads\/2023\/12\/logo_1.png\",\"contentUrl\":\"https:\/\/www.dlgroup.it\/wp-content\/uploads\/2023\/12\/logo_1.png\",\"width\":350,\"height\":300,\"caption\":\"De Luca Group\"},\"image\":{\"@id\":\"https:\/\/www.dlgroup.it\/#\/schema\/logo\/image\/\"},\"publishingPrinciples\":\"https:\/\/www.dlgroup.it\/contattaci\/\"}]}<\/script>\n<!-- \/ Yoast SEO Premium plugin. -->","yoast_head_json":{"title":"Ce que nous vous Proposons la Vente et l'Installation de Syst\u00e8mes Photovolta\u00efques | Dl Groupe","description":"Le Dl Groupe propose une large gamme de services, l'installation de syst\u00e8mes photovolta\u00efques, pompes \u00e0 chaleur et des climatiseurs.","robots":{"index":"index","follow":"follow","max-snippet":"max-snippet:-1","max-image-preview":"max-image-preview:large","max-video-preview":"max-video-preview:-1"},"canonical":"https:\/\/www.dlgroup.it\/fr\/ce-que-nous-offrons\/","og_locale":"fr_FR","og_type":"article","og_title":"Cosa Offriamo","og_description":"La Dl Group offre un ampia gamma di servizi, installazione impianti fotovoltaici, pompe di calore e condizionatori.","og_url":"https:\/\/www.dlgroup.it\/fr\/ce-que-nous-offrons\/","og_site_name":"Vendita e Installazione di Impianti Fotovoltaici | Dl Group","article_modified_time":"2024-06-28T14:09:04+00:00","og_image":[{"url":"https:\/\/www.dlgroup.it\/wp-content\/uploads\/2024\/04\/pannelli_solari-300x200.jpg","type":"","width":"","height":""}],"twitter_card":"summary_large_image","twitter_misc":{"Dur\u00e9e de lecture estim\u00e9e":"1 minute"},"schema":{"@context":"https:\/\/schema.org","@graph":[{"@type":"WebPage","@id":"https:\/\/www.dlgroup.it\/cosa-offriamo\/","url":"https:\/\/www.dlgroup.it\/cosa-offriamo\/","name":"Ce que nous vous Proposons la Vente et l'Installation de Syst\u00e8mes Photovolta\u00efques | Dl Groupe","isPartOf":{"@id":"https:\/\/www.dlgroup.it\/#website"},"primaryImageOfPage":{"@id":"https:\/\/www.dlgroup.it\/cosa-offriamo\/#primaryimage"},"image":{"@id":"https:\/\/www.dlgroup.it\/cosa-offriamo\/#primaryimage"},"thumbnailUrl":"https:\/\/www.dlgroup.it\/wp-content\/uploads\/2024\/04\/pannelli_solari-300x200.jpg","datePublished":"2024-04-22T20:05:37+00:00","dateModified":"2024-06-28T14:09:04+00:00","description":"Le Dl Groupe propose une large gamme de services, l'installation de syst\u00e8mes photovolta\u00efques, pompes \u00e0 chaleur et des climatiseurs.","breadcrumb":{"@id":"https:\/\/www.dlgroup.it\/cosa-offriamo\/#breadcrumb"},"inLanguage":"fr-FR","potentialAction":[{"@type":"ReadAction","target":["https:\/\/www.dlgroup.it\/cosa-offriamo\/"]}]},{"@type":"ImageObject","inLanguage":"fr-FR","@id":"https:\/\/www.dlgroup.it\/cosa-offriamo\/#primaryimage","url":"https:\/\/www.dlgroup.it\/wp-content\/uploads\/2024\/04\/pannelli_solari-300x200.jpg","contentUrl":"https:\/\/www.dlgroup.it\/wp-content\/uploads\/2024\/04\/pannelli_solari-300x200.jpg"},{"@type":"BreadcrumbList","@id":"https:\/\/www.dlgroup.it\/cosa-offriamo\/#breadcrumb","itemListElement":[{"@type":"ListItem","position":1,"name":"Home","item":"https:\/\/www.dlgroup.it\/"},{"@type":"ListItem","position":2,"name":"Cosa Offriamo"}]},{"@type":"WebSite","@id":"https:\/\/www.dlgroup.it\/#website","url":"https:\/\/www.dlgroup.it\/","name":"Une question, est-il un outil qui cr\u00e9e des Url automatiquement sans avoir \u00e0 les saisir?","description":"La vente et l'Installation de Syst\u00e8mes photovolta\u00efques et de Frosinone au Lazio","publisher":{"@id":"https:\/\/www.dlgroup.it\/#organization"},"potentialAction":[{"@type":"SearchAction","target":{"@type":"EntryPoint","urlTemplate":"https:\/\/www.dlgroup.it\/?s={search_term_string}"},"query-input":{"@type":"PropertyValueSpecification","valueRequired":true,"valueName":"search_term_string"}}],"inLanguage":"fr-FR"},{"@type":"Organization","@id":"https:\/\/www.dlgroup.it\/#organization","name":"De Luca Groupe","url":"https:\/\/www.dlgroup.it\/","logo":{"@type":"ImageObject","inLanguage":"fr-FR","@id":"https:\/\/www.dlgroup.it\/#\/schema\/logo\/image\/","url":"https:\/\/www.dlgroup.it\/wp-content\/uploads\/2023\/12\/logo_1.png","contentUrl":"https:\/\/www.dlgroup.it\/wp-content\/uploads\/2023\/12\/logo_1.png","width":350,"height":300,"caption":"De Luca Group"},"image":{"@id":"https:\/\/www.dlgroup.it\/#\/schema\/logo\/image\/"},"publishingPrinciples":"https:\/\/www.dlgroup.it\/contattaci\/"}]}},"_links":{"self":[{"href":"https:\/\/www.dlgroup.it\/fr\/wp-json\/wp\/v2\/pages\/907","targetHints":{"allow":["GET"]}}],"collection":[{"href":"https:\/\/www.dlgroup.it\/fr\/wp-json\/wp\/v2\/pages"}],"about":[{"href":"https:\/\/www.dlgroup.it\/fr\/wp-json\/wp\/v2\/types\/page"}],"author":[{"embeddable":true,"href":"https:\/\/www.dlgroup.it\/fr\/wp-json\/wp\/v2\/users\/1"}],"replies":[{"embeddable":true,"href":"https:\/\/www.dlgroup.it\/fr\/wp-json\/wp\/v2\/comments?post=907"}],"version-history":[{"count":13,"href":"https:\/\/www.dlgroup.it\/fr\/wp-json\/wp\/v2\/pages\/907\/revisions"}],"predecessor-version":[{"id":1233,"href":"https:\/\/www.dlgroup.it\/fr\/wp-json\/wp\/v2\/pages\/907\/revisions\/1233"}],"wp:attachment":[{"href":"https:\/\/www.dlgroup.it\/fr\/wp-json\/wp\/v2\/media?parent=907"}],"curies":[{"name":"wp","href":"https:\/\/api.w.org\/{rel}","templated":true}]}}