{"id":82,"date":"2018-11-30T10:41:35","date_gmt":"2018-11-30T10:41:35","guid":{"rendered":"http:\/\/greenly-demo.pbminfotech.com\/greenly-datasite\/\/?page_id=8585"},"modified":"2018-11-30T10:41:35","modified_gmt":"2018-11-30T10:41:35","slug":"blog-grid-view","status":"publish","type":"page","link":"https:\/\/www.dlgroup.it\/fr\/blog-grid-view\/","title":{"rendered":"Blog Grid View"},"content":{"rendered":"<section class=\"wpb-content-wrapper\">\r\n<div class=\"vc_row wpb_row vc_row-fluid vc_custom_1646108851679 cspt-row cspt-bg-color-yes cspt-bg-color-white cspt-zindex-zero cspt-responsive-custom-13189943\">\r\n\t\t\t\r\n<div class=\"wpb_column vc_column_container vc_col-sm-12 cspt-column cspt-bg-color-yes cspt-bg-color-transparent cspt-zindex-zero cspt-responsive-custom-40474062\">\r\n\t<div class=\"vc_column-inner\">\r\n\t\r\n\t\t\r\n\t\t<div class=\"wpb_wrapper\">\r\n\t\t\t<div  class=\"creativesplanet-element creativesplanet-element-blog cspt-element-blog-style-1 creativesplanet-element-viewtype-row-column cspt-sortable-no\" data-show=\"12\" data-columns=\"3\" data-loop=\"false\" data-autoplay=\"false\" data-center=\"false\" data-nav=\"false\" data-dots=\"false\" data-autoplayspeed=\"1000\" data-margin=\"\"><div class=\"creativesplanet-element-inner\"><div class=\"cspt-ele-header-area\"><\/div><div class=\"cspt-element-posts-wrapper row multi-columns-row\"><div class=\"cspt-ele cspt-blog-ele col-md-4 lavori-svolti\"><article class=\"creativesplanet-ele creativesplanet-ele-blog cspt-blogbox-style-1 post-1591 post type-post status-publish format-standard hentry category-lavori-svolti\">\r\n\t<div class=\"post-item\">\r\n\t\t<div class=\"cspt-featured-container\">\r\n\t\t\t\t\t\t\r\n\t\t<\/div>\r\n\t\t<div class=\"creativesplanet-box-content\">\t\r\n\t\t\t<div class=\"cspt-meta-container\">\r\n\t\t\t\t<div class=\"cspt-meta-date-wrapper cspt-meta-line\">\t\t\t\t\t\r\n\t\t\t\t\t<div class=\"cspt-meta-date\">02 Ao\u00fbt, 2025<\/div>\r\n\t\t\t\t<\/div>\r\n\t\t\t\t\t\t\t\t<div class=\"cspt-meta-category-wrapper cspt-meta-line\">\t\t\t\t\t\r\n\t\t\t\t\t<div class=\"cspt-meta-category\"><a href=\"https:\/\/www.dlgroup.it\/fr\/categorie\/installation-photovoltaique\/travaux-effectues\/\" rel=\"category tag\">Le travail effectu\u00e9<\/a><\/div>\r\n\t\t\t\t<\/div>\r\n\t\t\t\t\t\t\t<\/div>\r\n\t\t\t<h3 class=\"cspt-post-title\"><a href=\"https:\/\/www.dlgroup.it\/fr\/2025\/08\/02\/impianto-fotovoltaico-8-20-afore-rocca-d-evandro-caserta\/\">Syst\u00e8me photovolta\u00efque r\u00e9sidentiel de 8 \u00e0 20 kw d'Avance<\/a><\/h3>\r\n\t\t\t<div class=\"creativesplanet-box-desc\">\r\n\t\t\t\t<div class=\"creativesplanet-box-desc-footer\">\r\n\t\t\t\t\t<div class=\"cspt-read-more-link\">\r\n\t\t\t\t\t\t<a href=\"https:\/\/www.dlgroup.it\/fr\/2025\/08\/02\/impianto-fotovoltaico-8-20-afore-rocca-d-evandro-caserta\/\">Read More<\/a>\r\n\t\t\t\t\t<\/div>\r\n\t\t\t\t<\/div>\r\n\t\t\t<\/div>\r\n\t\t<\/div>\r\n\t<\/div>\r\n<\/article><\/div><div class=\"cspt-ele cspt-blog-ele col-md-4 lavori-svolti\"><article class=\"creativesplanet-ele creativesplanet-ele-blog cspt-blogbox-style-1 post-1583 post type-post status-publish format-standard hentry category-lavori-svolti\">\r\n\t<div class=\"post-item\">\r\n\t\t<div class=\"cspt-featured-container\">\r\n\t\t\t\t\t\t\r\n\t\t<\/div>\r\n\t\t<div class=\"creativesplanet-box-content\">\t\r\n\t\t\t<div class=\"cspt-meta-container\">\r\n\t\t\t\t<div class=\"cspt-meta-date-wrapper cspt-meta-line\">\t\t\t\t\t\r\n\t\t\t\t\t<div class=\"cspt-meta-date\">17 Juillet 2025<\/div>\r\n\t\t\t\t<\/div>\r\n\t\t\t\t\t\t\t\t<div class=\"cspt-meta-category-wrapper cspt-meta-line\">\t\t\t\t\t\r\n\t\t\t\t\t<div class=\"cspt-meta-category\"><a href=\"https:\/\/www.dlgroup.it\/fr\/categorie\/installation-photovoltaique\/travaux-effectues\/\" rel=\"category tag\">Le travail effectu\u00e9<\/a><\/div>\r\n\t\t\t\t<\/div>\r\n\t\t\t\t\t\t\t<\/div>\r\n\t\t\t<h3 class=\"cspt-post-title\"><a href=\"https:\/\/www.dlgroup.it\/fr\/2025\/07\/17\/impianto-fotovoltaico-residenziale-4-kw-fox\/\">Syst\u00e8me photovolta\u00efque r\u00e9sidentiel de 4 kw FOX Pas de Piles<\/a><\/h3>\r\n\t\t\t<div class=\"creativesplanet-box-desc\">\r\n\t\t\t\t<div class=\"creativesplanet-box-desc-footer\">\r\n\t\t\t\t\t<div class=\"cspt-read-more-link\">\r\n\t\t\t\t\t\t<a href=\"https:\/\/www.dlgroup.it\/fr\/2025\/07\/17\/impianto-fotovoltaico-residenziale-4-kw-fox\/\">Read More<\/a>\r\n\t\t\t\t\t<\/div>\r\n\t\t\t\t<\/div>\r\n\t\t\t<\/div>\r\n\t\t<\/div>\r\n\t<\/div>\r\n<\/article><\/div><div class=\"cspt-ele cspt-blog-ele col-md-4 lavori-svolti\"><article class=\"creativesplanet-ele creativesplanet-ele-blog cspt-blogbox-style-1 post-1579 post type-post status-publish format-standard hentry category-lavori-svolti\">\r\n\t<div class=\"post-item\">\r\n\t\t<div class=\"cspt-featured-container\">\r\n\t\t\t\t\t\t\r\n\t\t<\/div>\r\n\t\t<div class=\"creativesplanet-box-content\">\t\r\n\t\t\t<div class=\"cspt-meta-container\">\r\n\t\t\t\t<div class=\"cspt-meta-date-wrapper cspt-meta-line\">\t\t\t\t\t\r\n\t\t\t\t\t<div class=\"cspt-meta-date\">17 Juillet 2025<\/div>\r\n\t\t\t\t<\/div>\r\n\t\t\t\t\t\t\t\t<div class=\"cspt-meta-category-wrapper cspt-meta-line\">\t\t\t\t\t\r\n\t\t\t\t\t<div class=\"cspt-meta-category\"><a href=\"https:\/\/www.dlgroup.it\/fr\/categorie\/installation-photovoltaique\/travaux-effectues\/\" rel=\"category tag\">Le travail effectu\u00e9<\/a><\/div>\r\n\t\t\t\t<\/div>\r\n\t\t\t\t\t\t\t<\/div>\r\n\t\t\t<h3 class=\"cspt-post-title\"><a href=\"https:\/\/www.dlgroup.it\/fr\/2025\/07\/17\/impianto-fotovoltaico-residenziale-8-kw-azzurro-zcs-e-10-kw-batteria-13\/\">Syst\u00e8me photovolta\u00efque r\u00e9sidentiel, 8 kw lumi\u00e8re bleue zcs et 10 kw batterie (Francavilla al Mare)<\/a><\/h3>\r\n\t\t\t<div class=\"creativesplanet-box-desc\">\r\n\t\t\t\t<div class=\"creativesplanet-box-desc-footer\">\r\n\t\t\t\t\t<div class=\"cspt-read-more-link\">\r\n\t\t\t\t\t\t<a href=\"https:\/\/www.dlgroup.it\/fr\/2025\/07\/17\/impianto-fotovoltaico-residenziale-8-kw-azzurro-zcs-e-10-kw-batteria-13\/\">Read More<\/a>\r\n\t\t\t\t\t<\/div>\r\n\t\t\t\t<\/div>\r\n\t\t\t<\/div>\r\n\t\t<\/div>\r\n\t<\/div>\r\n<\/article><\/div><div class=\"cspt-ele cspt-blog-ele col-md-4 lavori-svolti\"><article class=\"creativesplanet-ele creativesplanet-ele-blog cspt-blogbox-style-1 post-1573 post type-post status-publish format-standard hentry category-lavori-svolti\">\r\n\t<div class=\"post-item\">\r\n\t\t<div class=\"cspt-featured-container\">\r\n\t\t\t\t\t\t\r\n\t\t<\/div>\r\n\t\t<div class=\"creativesplanet-box-content\">\t\r\n\t\t\t<div class=\"cspt-meta-container\">\r\n\t\t\t\t<div class=\"cspt-meta-date-wrapper cspt-meta-line\">\t\t\t\t\t\r\n\t\t\t\t\t<div class=\"cspt-meta-date\">17 Juillet 2025<\/div>\r\n\t\t\t\t<\/div>\r\n\t\t\t\t\t\t\t\t<div class=\"cspt-meta-category-wrapper cspt-meta-line\">\t\t\t\t\t\r\n\t\t\t\t\t<div class=\"cspt-meta-category\"><a href=\"https:\/\/www.dlgroup.it\/fr\/categorie\/installation-photovoltaique\/travaux-effectues\/\" rel=\"category tag\">Le travail effectu\u00e9<\/a><\/div>\r\n\t\t\t\t<\/div>\r\n\t\t\t\t\t\t\t<\/div>\r\n\t\t\t<h3 class=\"cspt-post-title\"><a href=\"https:\/\/www.dlgroup.it\/fr\/2025\/07\/17\/impianto-fotovoltaico-ibrido-residenziale-3-kw-azzurro-zcs-e-5-kw-batteria-12\/\">Syst\u00e8me photovolta\u00efque r\u00e9sidentiel 3 kw blue zcs et batterie 5 kw<\/a><\/h3>\r\n\t\t\t<div class=\"creativesplanet-box-desc\">\r\n\t\t\t\t<div class=\"creativesplanet-box-desc-footer\">\r\n\t\t\t\t\t<div class=\"cspt-read-more-link\">\r\n\t\t\t\t\t\t<a href=\"https:\/\/www.dlgroup.it\/fr\/2025\/07\/17\/impianto-fotovoltaico-ibrido-residenziale-3-kw-azzurro-zcs-e-5-kw-batteria-12\/\">Read More<\/a>\r\n\t\t\t\t\t<\/div>\r\n\t\t\t\t<\/div>\r\n\t\t\t<\/div>\r\n\t\t<\/div>\r\n\t<\/div>\r\n<\/article><\/div><div class=\"cspt-ele cspt-blog-ele col-md-4 lavori-svolti\"><article class=\"creativesplanet-ele creativesplanet-ele-blog cspt-blogbox-style-1 post-1540 post type-post status-publish format-standard hentry category-lavori-svolti\">\r\n\t<div class=\"post-item\">\r\n\t\t<div class=\"cspt-featured-container\">\r\n\t\t\t\t\t\t\r\n\t\t<\/div>\r\n\t\t<div class=\"creativesplanet-box-content\">\t\r\n\t\t\t<div class=\"cspt-meta-container\">\r\n\t\t\t\t<div class=\"cspt-meta-date-wrapper cspt-meta-line\">\t\t\t\t\t\r\n\t\t\t\t\t<div class=\"cspt-meta-date\">31 Jan, 2025<\/div>\r\n\t\t\t\t<\/div>\r\n\t\t\t\t\t\t\t\t<div class=\"cspt-meta-category-wrapper cspt-meta-line\">\t\t\t\t\t\r\n\t\t\t\t\t<div class=\"cspt-meta-category\"><a href=\"https:\/\/www.dlgroup.it\/fr\/categorie\/installation-photovoltaique\/travaux-effectues\/\" rel=\"category tag\">Le travail effectu\u00e9<\/a><\/div>\r\n\t\t\t\t<\/div>\r\n\t\t\t\t\t\t\t<\/div>\r\n\t\t\t<h3 class=\"cspt-post-title\"><a href=\"https:\/\/www.dlgroup.it\/fr\/2025\/01\/31\/retrofit-impianto-fotovoltaico\/\">R\u00e9novation De L'Installation Pv<\/a><\/h3>\r\n\t\t\t<div class=\"creativesplanet-box-desc\">\r\n\t\t\t\t<div class=\"creativesplanet-box-desc-footer\">\r\n\t\t\t\t\t<div class=\"cspt-read-more-link\">\r\n\t\t\t\t\t\t<a href=\"https:\/\/www.dlgroup.it\/fr\/2025\/01\/31\/retrofit-impianto-fotovoltaico\/\">Read More<\/a>\r\n\t\t\t\t\t<\/div>\r\n\t\t\t\t<\/div>\r\n\t\t\t<\/div>\r\n\t\t<\/div>\r\n\t<\/div>\r\n<\/article><\/div><div class=\"cspt-ele cspt-blog-ele col-md-4 lavori-svolti\"><article class=\"creativesplanet-ele creativesplanet-ele-blog cspt-blogbox-style-1 post-1471 post type-post status-publish format-standard hentry category-lavori-svolti\">\r\n\t<div class=\"post-item\">\r\n\t\t<div class=\"cspt-featured-container\">\r\n\t\t\t\t\t\t\r\n\t\t<\/div>\r\n\t\t<div class=\"creativesplanet-box-content\">\t\r\n\t\t\t<div class=\"cspt-meta-container\">\r\n\t\t\t\t<div class=\"cspt-meta-date-wrapper cspt-meta-line\">\t\t\t\t\t\r\n\t\t\t\t\t<div class=\"cspt-meta-date\">09 D\u00e9c, 2024<\/div>\r\n\t\t\t\t<\/div>\r\n\t\t\t\t\t\t\t\t<div class=\"cspt-meta-category-wrapper cspt-meta-line\">\t\t\t\t\t\r\n\t\t\t\t\t<div class=\"cspt-meta-category\"><a href=\"https:\/\/www.dlgroup.it\/fr\/categorie\/installation-photovoltaique\/travaux-effectues\/\" rel=\"category tag\">Le travail effectu\u00e9<\/a><\/div>\r\n\t\t\t\t<\/div>\r\n\t\t\t\t\t\t\t<\/div>\r\n\t\t\t<h3 class=\"cspt-post-title\"><a href=\"https:\/\/www.dlgroup.it\/fr\/2024\/12\/09\/systeme-de-stockage\/\">Syst\u00e8me De Stockage<\/a><\/h3>\r\n\t\t\t<div class=\"creativesplanet-box-desc\">\r\n\t\t\t\t<div class=\"creativesplanet-box-desc-footer\">\r\n\t\t\t\t\t<div class=\"cspt-read-more-link\">\r\n\t\t\t\t\t\t<a href=\"https:\/\/www.dlgroup.it\/fr\/2024\/12\/09\/systeme-de-stockage\/\">Read More<\/a>\r\n\t\t\t\t\t<\/div>\r\n\t\t\t\t<\/div>\r\n\t\t\t<\/div>\r\n\t\t<\/div>\r\n\t<\/div>\r\n<\/article><\/div><div class=\"cspt-ele cspt-blog-ele col-md-4 lavori-svolti\"><article class=\"creativesplanet-ele creativesplanet-ele-blog cspt-blogbox-style-1 post-1426 post type-post status-publish format-standard hentry category-lavori-svolti\">\r\n\t<div class=\"post-item\">\r\n\t\t<div class=\"cspt-featured-container\">\r\n\t\t\t\t\t\t\r\n\t\t<\/div>\r\n\t\t<div class=\"creativesplanet-box-content\">\t\r\n\t\t\t<div class=\"cspt-meta-container\">\r\n\t\t\t\t<div class=\"cspt-meta-date-wrapper cspt-meta-line\">\t\t\t\t\t\r\n\t\t\t\t\t<div class=\"cspt-meta-date\">07 Ao\u00fbt, 2024<\/div>\r\n\t\t\t\t<\/div>\r\n\t\t\t\t\t\t\t\t<div class=\"cspt-meta-category-wrapper cspt-meta-line\">\t\t\t\t\t\r\n\t\t\t\t\t<div class=\"cspt-meta-category\"><a href=\"https:\/\/www.dlgroup.it\/fr\/categorie\/installation-photovoltaique\/travaux-effectues\/\" rel=\"category tag\">Le travail effectu\u00e9<\/a><\/div>\r\n\t\t\t\t<\/div>\r\n\t\t\t\t\t\t\t<\/div>\r\n\t\t\t<h3 class=\"cspt-post-title\"><a href=\"https:\/\/www.dlgroup.it\/fr\/2024\/08\/07\/impianto-fotovoltaico-ibrido-residenziale-6-kw-azzurro-zcs-e-15-kw-batteria\/\">Syst\u00e8me photovolta\u00efque hybride r\u00e9sidentiel 6 kw blue zcs et batterie 15 kw<\/a><\/h3>\r\n\t\t\t<div class=\"creativesplanet-box-desc\">\r\n\t\t\t\t<div class=\"creativesplanet-box-desc-footer\">\r\n\t\t\t\t\t<div class=\"cspt-read-more-link\">\r\n\t\t\t\t\t\t<a href=\"https:\/\/www.dlgroup.it\/fr\/2024\/08\/07\/impianto-fotovoltaico-ibrido-residenziale-6-kw-azzurro-zcs-e-15-kw-batteria\/\">Read More<\/a>\r\n\t\t\t\t\t<\/div>\r\n\t\t\t\t<\/div>\r\n\t\t\t<\/div>\r\n\t\t<\/div>\r\n\t<\/div>\r\n<\/article><\/div><div class=\"cspt-ele cspt-blog-ele col-md-4 lavori-svolti\"><article class=\"creativesplanet-ele creativesplanet-ele-blog cspt-blogbox-style-1 post-1416 post type-post status-publish format-standard hentry category-lavori-svolti\">\r\n\t<div class=\"post-item\">\r\n\t\t<div class=\"cspt-featured-container\">\r\n\t\t\t\t\t\t\r\n\t\t<\/div>\r\n\t\t<div class=\"creativesplanet-box-content\">\t\r\n\t\t\t<div class=\"cspt-meta-container\">\r\n\t\t\t\t<div class=\"cspt-meta-date-wrapper cspt-meta-line\">\t\t\t\t\t\r\n\t\t\t\t\t<div class=\"cspt-meta-date\">07 Ao\u00fbt, 2024<\/div>\r\n\t\t\t\t<\/div>\r\n\t\t\t\t\t\t\t\t<div class=\"cspt-meta-category-wrapper cspt-meta-line\">\t\t\t\t\t\r\n\t\t\t\t\t<div class=\"cspt-meta-category\"><a href=\"https:\/\/www.dlgroup.it\/fr\/categorie\/installation-photovoltaique\/travaux-effectues\/\" rel=\"category tag\">Le travail effectu\u00e9<\/a><\/div>\r\n\t\t\t\t<\/div>\r\n\t\t\t\t\t\t\t<\/div>\r\n\t\t\t<h3 class=\"cspt-post-title\"><a href=\"https:\/\/www.dlgroup.it\/fr\/2024\/08\/07\/impianto-fotovoltaico-ibrido-residenziale-6-kw-azzurro-zcs-e-10-kw-batteria-alta-tenzione\/\">Syst\u00e8me photovolta\u00efque hybride r\u00e9sidentiel 6 kw blue zcs et 10 kw high-tension battery<\/a><\/h3>\r\n\t\t\t<div class=\"creativesplanet-box-desc\">\r\n\t\t\t\t<div class=\"creativesplanet-box-desc-footer\">\r\n\t\t\t\t\t<div class=\"cspt-read-more-link\">\r\n\t\t\t\t\t\t<a href=\"https:\/\/www.dlgroup.it\/fr\/2024\/08\/07\/impianto-fotovoltaico-ibrido-residenziale-6-kw-azzurro-zcs-e-10-kw-batteria-alta-tenzione\/\">Read More<\/a>\r\n\t\t\t\t\t<\/div>\r\n\t\t\t\t<\/div>\r\n\t\t\t<\/div>\r\n\t\t<\/div>\r\n\t<\/div>\r\n<\/article><\/div><div class=\"cspt-ele cspt-blog-ele col-md-4 lavori-svolti\"><article class=\"creativesplanet-ele creativesplanet-ele-blog cspt-blogbox-style-1 post-1033 post type-post status-publish format-standard hentry category-lavori-svolti\">\r\n\t<div class=\"post-item\">\r\n\t\t<div class=\"cspt-featured-container\">\r\n\t\t\t\t\t\t\r\n\t\t<\/div>\r\n\t\t<div class=\"creativesplanet-box-content\">\t\r\n\t\t\t<div class=\"cspt-meta-container\">\r\n\t\t\t\t<div class=\"cspt-meta-date-wrapper cspt-meta-line\">\t\t\t\t\t\r\n\t\t\t\t\t<div class=\"cspt-meta-date\">10 Jamais, 2024<\/div>\r\n\t\t\t\t<\/div>\r\n\t\t\t\t\t\t\t\t<div class=\"cspt-meta-category-wrapper cspt-meta-line\">\t\t\t\t\t\r\n\t\t\t\t\t<div class=\"cspt-meta-category\"><a href=\"https:\/\/www.dlgroup.it\/fr\/categorie\/installation-photovoltaique\/travaux-effectues\/\" rel=\"category tag\">Le travail effectu\u00e9<\/a><\/div>\r\n\t\t\t\t<\/div>\r\n\t\t\t\t\t\t\t<\/div>\r\n\t\t\t<h3 class=\"cspt-post-title\"><a href=\"https:\/\/www.dlgroup.it\/fr\/2024\/05\/10\/installazione-impianto-residenziale-trifase-ibrido-barletta-puglia\/\">Installation d'un syst\u00e8me hybride triphas\u00e9 r\u00e9sidentiel Barletta Puglia<\/a><\/h3>\r\n\t\t\t<div class=\"creativesplanet-box-desc\">\r\n\t\t\t\t<div class=\"creativesplanet-box-desc-footer\">\r\n\t\t\t\t\t<div class=\"cspt-read-more-link\">\r\n\t\t\t\t\t\t<a href=\"https:\/\/www.dlgroup.it\/fr\/2024\/05\/10\/installazione-impianto-residenziale-trifase-ibrido-barletta-puglia\/\">Read More<\/a>\r\n\t\t\t\t\t<\/div>\r\n\t\t\t\t<\/div>\r\n\t\t\t<\/div>\r\n\t\t<\/div>\r\n\t<\/div>\r\n<\/article><\/div><div class=\"cspt-ele cspt-blog-ele col-md-4 lavori-svolti\"><article class=\"creativesplanet-ele creativesplanet-ele-blog cspt-blogbox-style-1 post-1021 post type-post status-publish format-standard hentry category-lavori-svolti\">\r\n\t<div class=\"post-item\">\r\n\t\t<div class=\"cspt-featured-container\">\r\n\t\t\t\t\t\t\r\n\t\t<\/div>\r\n\t\t<div class=\"creativesplanet-box-content\">\t\r\n\t\t\t<div class=\"cspt-meta-container\">\r\n\t\t\t\t<div class=\"cspt-meta-date-wrapper cspt-meta-line\">\t\t\t\t\t\r\n\t\t\t\t\t<div class=\"cspt-meta-date\">10 Jamais, 2024<\/div>\r\n\t\t\t\t<\/div>\r\n\t\t\t\t\t\t\t\t<div class=\"cspt-meta-category-wrapper cspt-meta-line\">\t\t\t\t\t\r\n\t\t\t\t\t<div class=\"cspt-meta-category\"><a href=\"https:\/\/www.dlgroup.it\/fr\/categorie\/installation-photovoltaique\/travaux-effectues\/\" rel=\"category tag\">Le travail effectu\u00e9<\/a><\/div>\r\n\t\t\t\t<\/div>\r\n\t\t\t\t\t\t\t<\/div>\r\n\t\t\t<h3 class=\"cspt-post-title\"><a href=\"https:\/\/www.dlgroup.it\/fr\/2024\/05\/10\/installazione-impianto-fotovoltaico-huawei\/\">Installation photovolta\u00efque Huawei r\u00e9sidentiel single-phase hybride<\/a><\/h3>\r\n\t\t\t<div class=\"creativesplanet-box-desc\">\r\n\t\t\t\t<div class=\"creativesplanet-box-desc-footer\">\r\n\t\t\t\t\t<div class=\"cspt-read-more-link\">\r\n\t\t\t\t\t\t<a href=\"https:\/\/www.dlgroup.it\/fr\/2024\/05\/10\/installazione-impianto-fotovoltaico-huawei\/\">Read More<\/a>\r\n\t\t\t\t\t<\/div>\r\n\t\t\t\t<\/div>\r\n\t\t\t<\/div>\r\n\t\t<\/div>\r\n\t<\/div>\r\n<\/article><\/div><div class=\"cspt-ele cspt-blog-ele col-md-4 lavori-svolti\"><article class=\"creativesplanet-ele creativesplanet-ele-blog cspt-blogbox-style-1 post-1014 post type-post status-publish format-standard hentry category-lavori-svolti\">\r\n\t<div class=\"post-item\">\r\n\t\t<div class=\"cspt-featured-container\">\r\n\t\t\t\t\t\t\r\n\t\t<\/div>\r\n\t\t<div class=\"creativesplanet-box-content\">\t\r\n\t\t\t<div class=\"cspt-meta-container\">\r\n\t\t\t\t<div class=\"cspt-meta-date-wrapper cspt-meta-line\">\t\t\t\t\t\r\n\t\t\t\t\t<div class=\"cspt-meta-date\">10 Jamais, 2024<\/div>\r\n\t\t\t\t<\/div>\r\n\t\t\t\t\t\t\t\t<div class=\"cspt-meta-category-wrapper cspt-meta-line\">\t\t\t\t\t\r\n\t\t\t\t\t<div class=\"cspt-meta-category\"><a href=\"https:\/\/www.dlgroup.it\/fr\/categorie\/installation-photovoltaique\/travaux-effectues\/\" rel=\"category tag\">Le travail effectu\u00e9<\/a><\/div>\r\n\t\t\t\t<\/div>\r\n\t\t\t\t\t\t\t<\/div>\r\n\t\t\t<h3 class=\"cspt-post-title\"><a href=\"https:\/\/www.dlgroup.it\/fr\/2024\/05\/10\/installazione-di-12-pannelli-fotovoltaici-bi-facciali-530w-per-un-totale-di-65kwh-con-12-ottimizzatori\/\">Installazione di 12 pannelli fotovoltaici Bi-Facciali 530W per un totale di 6,5KWH con 12 ottimizzatori<\/a><\/h3>\r\n\t\t\t<div class=\"creativesplanet-box-desc\">\r\n\t\t\t\t<div class=\"creativesplanet-box-desc-footer\">\r\n\t\t\t\t\t<div class=\"cspt-read-more-link\">\r\n\t\t\t\t\t\t<a href=\"https:\/\/www.dlgroup.it\/fr\/2024\/05\/10\/installazione-di-12-pannelli-fotovoltaici-bi-facciali-530w-per-un-totale-di-65kwh-con-12-ottimizzatori\/\">Read More<\/a>\r\n\t\t\t\t\t<\/div>\r\n\t\t\t\t<\/div>\r\n\t\t\t<\/div>\r\n\t\t<\/div>\r\n\t<\/div>\r\n<\/article><\/div><div class=\"cspt-ele cspt-blog-ele col-md-4 lavori-svolti\"><article class=\"creativesplanet-ele creativesplanet-ele-blog cspt-blogbox-style-1 post-1004 post type-post status-publish format-standard hentry category-lavori-svolti\">\r\n\t<div class=\"post-item\">\r\n\t\t<div class=\"cspt-featured-container\">\r\n\t\t\t\t\t\t\r\n\t\t<\/div>\r\n\t\t<div class=\"creativesplanet-box-content\">\t\r\n\t\t\t<div class=\"cspt-meta-container\">\r\n\t\t\t\t<div class=\"cspt-meta-date-wrapper cspt-meta-line\">\t\t\t\t\t\r\n\t\t\t\t\t<div class=\"cspt-meta-date\">10 Jamais, 2024<\/div>\r\n\t\t\t\t<\/div>\r\n\t\t\t\t\t\t\t\t<div class=\"cspt-meta-category-wrapper cspt-meta-line\">\t\t\t\t\t\r\n\t\t\t\t\t<div class=\"cspt-meta-category\"><a href=\"https:\/\/www.dlgroup.it\/fr\/categorie\/installation-photovoltaique\/travaux-effectues\/\" rel=\"category tag\">Le travail effectu\u00e9<\/a><\/div>\r\n\t\t\t\t<\/div>\r\n\t\t\t\t\t\t\t<\/div>\r\n\t\t\t<h3 class=\"cspt-post-title\"><a href=\"https:\/\/www.dlgroup.it\/fr\/2024\/05\/10\/installazione-impianto-fotovoltaico-industriale-100kwh-roma\/\">Installazione Impianto Fotovoltaico INDUSTRIALE 100KWH Roma<\/a><\/h3>\r\n\t\t\t<div class=\"creativesplanet-box-desc\">\r\n\t\t\t\t<div class=\"creativesplanet-box-desc-footer\">\r\n\t\t\t\t\t<div class=\"cspt-read-more-link\">\r\n\t\t\t\t\t\t<a href=\"https:\/\/www.dlgroup.it\/fr\/2024\/05\/10\/installazione-impianto-fotovoltaico-industriale-100kwh-roma\/\">Read More<\/a>\r\n\t\t\t\t\t<\/div>\r\n\t\t\t\t<\/div>\r\n\t\t\t<\/div>\r\n\t\t<\/div>\r\n\t<\/div>\r\n<\/article><\/div><\/div><\/div><!-- .creativesplanet-element-inner -->   <\/div><!-- .creativesplanet-element -->  \t\t<\/div>\r\n\t<\/div>\r\n<\/div>\r\n\r\n<\/div>\r\n\n<\/section>","protected":false},"excerpt":{"rendered":"Installazione di 239 pannelli fotovoltaici 440W per un totale di 105,1KWH Inverter 100 KWH Marca Inverte: AZZURRO ZUCCHETTI trifase Installazione eseguita presso: Pomezia provincia di Roma, Tempo di Installazione 1 settimana","protected":false},"author":1,"featured_media":0,"parent":0,"menu_order":22,"comment_status":"closed","ping_status":"closed","template":"","meta":{"footnotes":""},"class_list":["post-82","page","type-page","status-publish","hentry"],"acf":[],"yoast_head":"<!-- This site is optimized with the Yoast SEO Premium plugin v25.7.1 (Yoast SEO v25.7) - https:\/\/yoast.com\/wordpress\/plugins\/seo\/ -->\n<title>Blog Grid View - Vendita e Installazione di Impianti Fotovoltaici | Dl Group<\/title>\n<meta name=\"robots\" content=\"index, follow, max-snippet:-1, max-image-preview:large, max-video-preview:-1\" \/>\n<link rel=\"canonical\" href=\"https:\/\/www.dlgroup.it\/fr\/blog-grid-view\/\" \/>\n<meta property=\"og:locale\" content=\"fr_FR\" \/>\n<meta property=\"og:type\" content=\"article\" \/>\n<meta property=\"og:title\" content=\"Blog Grid View\" \/>\n<meta property=\"og:url\" content=\"https:\/\/www.dlgroup.it\/fr\/blog-grid-view\/\" \/>\n<meta property=\"og:site_name\" content=\"Vendita e Installazione di Impianti Fotovoltaici | Dl Group\" \/>\n<meta name=\"twitter:card\" content=\"summary_large_image\" \/>\n<script type=\"application\/ld+json\" class=\"yoast-schema-graph\">{\"@context\":\"https:\/\/schema.org\",\"@graph\":[{\"@type\":\"WebPage\",\"@id\":\"https:\/\/www.dlgroup.it\/blog-grid-view\/\",\"url\":\"https:\/\/www.dlgroup.it\/blog-grid-view\/\",\"name\":\"Blog Grid View - Vendita e Installazione di Impianti Fotovoltaici | Dl Group\",\"isPartOf\":{\"@id\":\"https:\/\/www.dlgroup.it\/#website\"},\"datePublished\":\"2018-11-30T10:41:35+00:00\",\"breadcrumb\":{\"@id\":\"https:\/\/www.dlgroup.it\/blog-grid-view\/#breadcrumb\"},\"inLanguage\":\"fr-FR\",\"potentialAction\":[{\"@type\":\"ReadAction\",\"target\":[\"https:\/\/www.dlgroup.it\/blog-grid-view\/\"]}]},{\"@type\":\"BreadcrumbList\",\"@id\":\"https:\/\/www.dlgroup.it\/blog-grid-view\/#breadcrumb\",\"itemListElement\":[{\"@type\":\"ListItem\",\"position\":1,\"name\":\"Home\",\"item\":\"https:\/\/www.dlgroup.it\/\"},{\"@type\":\"ListItem\",\"position\":2,\"name\":\"Blog Grid View\"}]},{\"@type\":\"WebSite\",\"@id\":\"https:\/\/www.dlgroup.it\/#website\",\"url\":\"https:\/\/www.dlgroup.it\/\",\"name\":\"One question, is there a tool that creates URLs automatically without having to type them?\",\"description\":\"Vendita e Installazione di Impianti fotovoltaici a Frosinone e nel Lazio\",\"publisher\":{\"@id\":\"https:\/\/www.dlgroup.it\/#organization\"},\"potentialAction\":[{\"@type\":\"SearchAction\",\"target\":{\"@type\":\"EntryPoint\",\"urlTemplate\":\"https:\/\/www.dlgroup.it\/?s={search_term_string}\"},\"query-input\":{\"@type\":\"PropertyValueSpecification\",\"valueRequired\":true,\"valueName\":\"search_term_string\"}}],\"inLanguage\":\"fr-FR\"},{\"@type\":\"Organization\",\"@id\":\"https:\/\/www.dlgroup.it\/#organization\",\"name\":\"De Luca Group\",\"url\":\"https:\/\/www.dlgroup.it\/\",\"logo\":{\"@type\":\"ImageObject\",\"inLanguage\":\"fr-FR\",\"@id\":\"https:\/\/www.dlgroup.it\/#\/schema\/logo\/image\/\",\"url\":\"https:\/\/www.dlgroup.it\/wp-content\/uploads\/2023\/12\/logo_1.png\",\"contentUrl\":\"https:\/\/www.dlgroup.it\/wp-content\/uploads\/2023\/12\/logo_1.png\",\"width\":350,\"height\":300,\"caption\":\"De Luca Group\"},\"image\":{\"@id\":\"https:\/\/www.dlgroup.it\/#\/schema\/logo\/image\/\"},\"publishingPrinciples\":\"https:\/\/www.dlgroup.it\/contattaci\/\"}]}<\/script>\n<!-- \/ Yoast SEO Premium plugin. -->","yoast_head_json":{"title":"Blog Grid View - Vendita e Installazione di Impianti Fotovoltaici | Dl Group","robots":{"index":"index","follow":"follow","max-snippet":"max-snippet:-1","max-image-preview":"max-image-preview:large","max-video-preview":"max-video-preview:-1"},"canonical":"https:\/\/www.dlgroup.it\/fr\/blog-grid-view\/","og_locale":"fr_FR","og_type":"article","og_title":"Blog Grid View","og_url":"https:\/\/www.dlgroup.it\/fr\/blog-grid-view\/","og_site_name":"Vendita e Installazione di Impianti Fotovoltaici | Dl Group","twitter_card":"summary_large_image","schema":{"@context":"https:\/\/schema.org","@graph":[{"@type":"WebPage","@id":"https:\/\/www.dlgroup.it\/blog-grid-view\/","url":"https:\/\/www.dlgroup.it\/blog-grid-view\/","name":"Blog Grid View - Vendita e Installazione di Impianti Fotovoltaici | Dl Group","isPartOf":{"@id":"https:\/\/www.dlgroup.it\/#website"},"datePublished":"2018-11-30T10:41:35+00:00","breadcrumb":{"@id":"https:\/\/www.dlgroup.it\/blog-grid-view\/#breadcrumb"},"inLanguage":"fr-FR","potentialAction":[{"@type":"ReadAction","target":["https:\/\/www.dlgroup.it\/blog-grid-view\/"]}]},{"@type":"BreadcrumbList","@id":"https:\/\/www.dlgroup.it\/blog-grid-view\/#breadcrumb","itemListElement":[{"@type":"ListItem","position":1,"name":"Home","item":"https:\/\/www.dlgroup.it\/"},{"@type":"ListItem","position":2,"name":"Blog Grid View"}]},{"@type":"WebSite","@id":"https:\/\/www.dlgroup.it\/#website","url":"https:\/\/www.dlgroup.it\/","name":"Une question, est-il un outil qui cr\u00e9e des Url automatiquement sans avoir \u00e0 les saisir?","description":"La vente et l'Installation de Syst\u00e8mes photovolta\u00efques et de Frosinone au Lazio","publisher":{"@id":"https:\/\/www.dlgroup.it\/#organization"},"potentialAction":[{"@type":"SearchAction","target":{"@type":"EntryPoint","urlTemplate":"https:\/\/www.dlgroup.it\/?s={search_term_string}"},"query-input":{"@type":"PropertyValueSpecification","valueRequired":true,"valueName":"search_term_string"}}],"inLanguage":"fr-FR"},{"@type":"Organization","@id":"https:\/\/www.dlgroup.it\/#organization","name":"De Luca Groupe","url":"https:\/\/www.dlgroup.it\/","logo":{"@type":"ImageObject","inLanguage":"fr-FR","@id":"https:\/\/www.dlgroup.it\/#\/schema\/logo\/image\/","url":"https:\/\/www.dlgroup.it\/wp-content\/uploads\/2023\/12\/logo_1.png","contentUrl":"https:\/\/www.dlgroup.it\/wp-content\/uploads\/2023\/12\/logo_1.png","width":350,"height":300,"caption":"De Luca Group"},"image":{"@id":"https:\/\/www.dlgroup.it\/#\/schema\/logo\/image\/"},"publishingPrinciples":"https:\/\/www.dlgroup.it\/contattaci\/"}]}},"_links":{"self":[{"href":"https:\/\/www.dlgroup.it\/fr\/wp-json\/wp\/v2\/pages\/82","targetHints":{"allow":["GET"]}}],"collection":[{"href":"https:\/\/www.dlgroup.it\/fr\/wp-json\/wp\/v2\/pages"}],"about":[{"href":"https:\/\/www.dlgroup.it\/fr\/wp-json\/wp\/v2\/types\/page"}],"author":[{"embeddable":true,"href":"https:\/\/www.dlgroup.it\/fr\/wp-json\/wp\/v2\/users\/1"}],"replies":[{"embeddable":true,"href":"https:\/\/www.dlgroup.it\/fr\/wp-json\/wp\/v2\/comments?post=82"}],"version-history":[{"count":0,"href":"https:\/\/www.dlgroup.it\/fr\/wp-json\/wp\/v2\/pages\/82\/revisions"}],"wp:attachment":[{"href":"https:\/\/www.dlgroup.it\/fr\/wp-json\/wp\/v2\/media?parent=82"}],"curies":[{"name":"wp","href":"https:\/\/api.w.org\/{rel}","templated":true}]}}