{"id":80,"date":"2018-11-30T10:48:57","date_gmt":"2018-11-30T10:48:57","guid":{"rendered":"http:\/\/greenly-demo.pbminfotech.com\/greenly-datasite\/\/?page_id=8593"},"modified":"2024-01-06T22:53:12","modified_gmt":"2024-01-06T22:53:12","slug":"contact-us","status":"publish","type":"page","link":"https:\/\/www.dlgroup.it\/fr\/contact-us\/","title":{"rendered":"Modulo Contatto"},"content":{"rendered":"<section class=\"wpb-content-wrapper\"><div class=\"vc_row wpb_row vc_row-fluid vc_custom_1646109565558 cspt-row cspt-bg-color-yes cspt-bg-color-white cspt-zindex-2 cspt-responsive-custom-80506668 cspt-break-col-991\">\r\n\t\t\t\r\n<div class=\"wpb_column vc_column_container vc_col-sm-5 cspt-column cspt-text-color-yes cspt-text-color-white cspt-bg-color-yes cspt-bg-color-globalcolor cspt-zindex-zero cspt-responsive-custom-73834559\">\r\n\t<div class=\"vc_column-inner vc_custom_1704564916328\">\r\n\t\r\n\t\t\r\n\t\t<div class=\"wpb_wrapper\">\r\n\t\t\t<h2 style=\"font-size: 40px;line-height: 55px;text-align: left\" class=\"vc_custom_heading wpb_animate_when_almost_visible wpb_fadeInLeft fadeInLeft vc_custom_1704581513214\" >Vuoi Richiedere Un Preventivo?<\/h2>\r\n<div class=\"vc_row wpb_row vc_inner vc_row-fluid vc_custom_1543579464029 cspt-row-inner cspt-bg-color-yes cspt-bg-color-transparent cspt-zindex-zero\">\r\n\t<div class=\"wpb_column vc_column_container vc_col-sm-12 cspt-column-inner cspt-bg-color-yes cspt-bg-color-transparent cspt-zindex-zero\"><div class=\"vc_column-inner\"><div class=\"wpb_wrapper\"><h5 style=\"font-size: 20px;text-align: left\" class=\"vc_custom_heading\">Indirizzo:<\/h5>\n\t<div class=\"wpb_text_column wpb_content_element\">\n\t\t<div class=\"wpb_wrapper\">\n\t\t\t<p>Via John Fitzgerald Kennedy 7<\/p>\n<p>Frosinone 03100 (fr)<\/p>\n<p>Italy<\/p>\n\n\t\t<\/div>\n\t<\/div>\n<\/div><\/div><\/div><\/div>\r\n\r\n<div class=\"vc_row wpb_row vc_inner vc_row-fluid vc_custom_1543579470108 cspt-row-inner cspt-bg-color-yes cspt-bg-color-transparent cspt-zindex-zero\">\r\n\t<div class=\"wpb_column vc_column_container vc_col-sm-12 cspt-column-inner cspt-bg-color-yes cspt-bg-color-transparent cspt-zindex-zero\"><div class=\"vc_column-inner\"><div class=\"wpb_wrapper\"><h5 style=\"font-size: 20px;text-align: left\" class=\"vc_custom_heading\">Telefono<\/h5>\n\t<div class=\"wpb_text_column wpb_content_element\">\n\t\t<div class=\"wpb_wrapper\">\n\t\t\t<p><span style=\"vertical-align: inherit\"><span style=\"vertical-align: inherit\">Cellulare: +39 3933784368<\/span><\/span><\/p>\n\n\t\t<\/div>\n\t<\/div>\n<\/div><\/div><\/div><\/div>\r\n\r\n<div class=\"vc_row wpb_row vc_inner vc_row-fluid vc_custom_1543579475796 cspt-row-inner cspt-bg-color-yes cspt-bg-color-transparent cspt-zindex-zero\">\r\n\t<div class=\"wpb_column vc_column_container vc_col-sm-12 cspt-column-inner cspt-bg-color-yes cspt-bg-color-transparent cspt-zindex-zero\"><div class=\"vc_column-inner\"><div class=\"wpb_wrapper\"><h5 style=\"font-size: 20px;text-align: left\" class=\"vc_custom_heading\">Email<\/h5>\n\t<div class=\"wpb_text_column wpb_content_element\">\n\t\t<div class=\"wpb_wrapper\">\n\t\t\t<p>amministrazione@dl-group.it<\/p>\n\n\t\t<\/div>\n\t<\/div>\n<\/div><\/div><\/div><\/div>\r\n\n\t<div class=\"wpb_text_column wpb_content_element  vc_custom_1543579258561\" >\n\t\t<div class=\"wpb_wrapper\">\n\t\t\t<ul class=\"cspt-social-links\"><li class=\"cspt-social-li cspt-social-facebook\"><a  href=\"#\" target=\"_blank\"><span><i class=\"cspt-base-icon-facebook-squared\"><\/i><\/span><\/a><\/li><li class=\"cspt-social-li cspt-social-twitter\"><a  href=\"#\" target=\"_blank\"><span><i class=\"cspt-base-icon-twitter\"><\/i><\/span><\/a><\/li><li class=\"cspt-social-li cspt-social-linkedin\"><a  href=\"#\" target=\"_blank\"><span><i class=\"cspt-base-icon-linkedin-squared\"><\/i><\/span><\/a><\/li><li class=\"cspt-social-li cspt-social-instagram\"><a  href=\"#\" target=\"_blank\"><span><i class=\"cspt-base-icon-instagram\"><\/i><\/span><\/a><\/li><\/ul>\n\n\t\t<\/div>\n\t<\/div>\n\t\t<\/div>\r\n\t<\/div>\r\n<\/div>\r\n\r\n\r\n<div class=\"wpb_column vc_column_container vc_col-sm-7 cspt-column cspt-bg-color-yes cspt-bg-color-transparent cspt-zindex-zero cspt-responsive-custom-65164017\">\r\n\t<div class=\"vc_column-inner vc_custom_1646109765087\">\r\n\t\r\n\t\t\r\n\t\t<div class=\"wpb_wrapper\">\r\n\t\t\t<h4 style=\"text-align: left\" class=\"vc_custom_heading vc_custom_1702851832507\" >Invia Un Messaggio<\/h4>[contact-form-7 id=&#8221;631&#8243;]\t\t<\/div>\r\n\t<\/div>\r\n<\/div>\r\n\r\n<\/div>\r\n\r\n<div class=\"vc_row wpb_row vc_row-fluid vc_custom_1704564720802 cspt-row cspt-bg-color-yes cspt-bg-color-transparent cspt-zindex-zero\">\r\n\t\t\t\r\n<div class=\"wpb_column vc_column_container vc_col-sm-12 cspt-column cspt-bg-color-yes cspt-bg-color-transparent cspt-zindex-zero\">\r\n\t<div class=\"vc_column-inner vc_custom_1704581589325\">\r\n\t\r\n\t\t\r\n\t\t<div class=\"wpb_wrapper\">\r\n\t\t\t\n\t<div class=\"wpb_raw_code wpb_content_element wpb_raw_html\" >\n\t\t<div class=\"wpb_wrapper\">\n\t\t\t<p>I am ra<iframe src=\"https:\/\/www.google.com\/maps\/embed?pb=!1m18!1m12!1m3!1d2981.847561917733!2d13.3415655!3d41.6374263!2m3!1f0!2f0!3f0!3m2!1i1024!2i768!4f13.1!3m3!1m2!1s0x13255a969e5e67eb%3A0x34bb228026cea3d7!2sV.%20John%20Fitzgerald%20Kennedy%2C%207%2C%2003100%20Frosinone%20FR!5e0!3m2!1sit!2sit!4v1704564217639!5m2!1sit!2sit\" width=\"1000\" height=\"600\" style=\"border:0;\" allowfullscreen=\"\" loading=\"lazy\" referrerpolicy=\"no-referrer-when-downgrade\"><\/iframe>w html block.<br\/>Click edit button to change this html<\/p>\n\t\t<\/div>\n\t<\/div>\n\t\t<\/div>\r\n\t<\/div>\r\n<\/div>\r\n\r\n<\/div>\n<\/section>","protected":false},"excerpt":{"rendered":"Vuoi Richiedere Un Preventivo? Indirizzo: Via John Fitzgerald Kennedy 7 Frosinone 03100 (fr) Italy Telefono Cellulare: +39 3933784368 Email amministrazione@dl-group.it Invia Un Messaggio[contact-form-7 id=\"631\"] I am raw html block.Click edit button to change this html","protected":false},"author":1,"featured_media":0,"parent":0,"menu_order":23,"comment_status":"closed","ping_status":"closed","template":"","meta":{"footnotes":""},"class_list":["post-80","page","type-page","status-publish","hentry"],"acf":[],"yoast_head":"<!-- This site is optimized with the Yoast SEO Premium plugin v25.7.1 (Yoast SEO v25.7) - https:\/\/yoast.com\/wordpress\/plugins\/seo\/ -->\n<title>Modulo Contatto - Vendita e Installazione di Impianti Fotovoltaici | Dl Group<\/title>\n<meta name=\"robots\" content=\"index, follow, max-snippet:-1, max-image-preview:large, max-video-preview:-1\" \/>\n<link rel=\"canonical\" href=\"https:\/\/www.dlgroup.it\/fr\/contact-us\/\" \/>\n<meta property=\"og:locale\" content=\"fr_FR\" \/>\n<meta property=\"og:type\" content=\"article\" \/>\n<meta property=\"og:title\" content=\"Modulo Contatto\" \/>\n<meta property=\"og:url\" content=\"https:\/\/www.dlgroup.it\/fr\/contact-us\/\" \/>\n<meta property=\"og:site_name\" content=\"Vendita e Installazione di Impianti Fotovoltaici | Dl Group\" \/>\n<meta property=\"article:modified_time\" content=\"2024-01-06T22:53:12+00:00\" \/>\n<meta name=\"twitter:card\" content=\"summary_large_image\" \/>\n<meta name=\"twitter:label1\" content=\"Dur\u00e9e de lecture estim\u00e9e\" \/>\n\t<meta name=\"twitter:data1\" content=\"2 minutes\" \/>\n<script type=\"application\/ld+json\" class=\"yoast-schema-graph\">{\"@context\":\"https:\/\/schema.org\",\"@graph\":[{\"@type\":\"WebPage\",\"@id\":\"https:\/\/www.dlgroup.it\/contact-us\/\",\"url\":\"https:\/\/www.dlgroup.it\/contact-us\/\",\"name\":\"Modulo Contatto - Vendita e Installazione di Impianti Fotovoltaici | Dl Group\",\"isPartOf\":{\"@id\":\"https:\/\/www.dlgroup.it\/#website\"},\"datePublished\":\"2018-11-30T10:48:57+00:00\",\"dateModified\":\"2024-01-06T22:53:12+00:00\",\"breadcrumb\":{\"@id\":\"https:\/\/www.dlgroup.it\/contact-us\/#breadcrumb\"},\"inLanguage\":\"fr-FR\",\"potentialAction\":[{\"@type\":\"ReadAction\",\"target\":[\"https:\/\/www.dlgroup.it\/contact-us\/\"]}]},{\"@type\":\"BreadcrumbList\",\"@id\":\"https:\/\/www.dlgroup.it\/contact-us\/#breadcrumb\",\"itemListElement\":[{\"@type\":\"ListItem\",\"position\":1,\"name\":\"Home\",\"item\":\"https:\/\/www.dlgroup.it\/\"},{\"@type\":\"ListItem\",\"position\":2,\"name\":\"Modulo Contatto\"}]},{\"@type\":\"WebSite\",\"@id\":\"https:\/\/www.dlgroup.it\/#website\",\"url\":\"https:\/\/www.dlgroup.it\/\",\"name\":\"One question, is there a tool that creates URLs automatically without having to type them?\",\"description\":\"Vendita e Installazione di Impianti fotovoltaici a Frosinone e nel Lazio\",\"publisher\":{\"@id\":\"https:\/\/www.dlgroup.it\/#organization\"},\"potentialAction\":[{\"@type\":\"SearchAction\",\"target\":{\"@type\":\"EntryPoint\",\"urlTemplate\":\"https:\/\/www.dlgroup.it\/?s={search_term_string}\"},\"query-input\":{\"@type\":\"PropertyValueSpecification\",\"valueRequired\":true,\"valueName\":\"search_term_string\"}}],\"inLanguage\":\"fr-FR\"},{\"@type\":\"Organization\",\"@id\":\"https:\/\/www.dlgroup.it\/#organization\",\"name\":\"De Luca Group\",\"url\":\"https:\/\/www.dlgroup.it\/\",\"logo\":{\"@type\":\"ImageObject\",\"inLanguage\":\"fr-FR\",\"@id\":\"https:\/\/www.dlgroup.it\/#\/schema\/logo\/image\/\",\"url\":\"https:\/\/www.dlgroup.it\/wp-content\/uploads\/2023\/12\/logo_1.png\",\"contentUrl\":\"https:\/\/www.dlgroup.it\/wp-content\/uploads\/2023\/12\/logo_1.png\",\"width\":350,\"height\":300,\"caption\":\"De Luca Group\"},\"image\":{\"@id\":\"https:\/\/www.dlgroup.it\/#\/schema\/logo\/image\/\"},\"publishingPrinciples\":\"https:\/\/www.dlgroup.it\/contattaci\/\"}]}<\/script>\n<!-- \/ Yoast SEO Premium plugin. -->","yoast_head_json":{"title":"Modulo Contatto - Vendita e Installazione di Impianti Fotovoltaici | Dl Group","robots":{"index":"index","follow":"follow","max-snippet":"max-snippet:-1","max-image-preview":"max-image-preview:large","max-video-preview":"max-video-preview:-1"},"canonical":"https:\/\/www.dlgroup.it\/fr\/contact-us\/","og_locale":"fr_FR","og_type":"article","og_title":"Modulo Contatto","og_url":"https:\/\/www.dlgroup.it\/fr\/contact-us\/","og_site_name":"Vendita e Installazione di Impianti Fotovoltaici | Dl Group","article_modified_time":"2024-01-06T22:53:12+00:00","twitter_card":"summary_large_image","twitter_misc":{"Dur\u00e9e de lecture estim\u00e9e":"2 minutes"},"schema":{"@context":"https:\/\/schema.org","@graph":[{"@type":"WebPage","@id":"https:\/\/www.dlgroup.it\/contact-us\/","url":"https:\/\/www.dlgroup.it\/contact-us\/","name":"Modulo Contatto - Vendita e Installazione di Impianti Fotovoltaici | Dl Group","isPartOf":{"@id":"https:\/\/www.dlgroup.it\/#website"},"datePublished":"2018-11-30T10:48:57+00:00","dateModified":"2024-01-06T22:53:12+00:00","breadcrumb":{"@id":"https:\/\/www.dlgroup.it\/contact-us\/#breadcrumb"},"inLanguage":"fr-FR","potentialAction":[{"@type":"ReadAction","target":["https:\/\/www.dlgroup.it\/contact-us\/"]}]},{"@type":"BreadcrumbList","@id":"https:\/\/www.dlgroup.it\/contact-us\/#breadcrumb","itemListElement":[{"@type":"ListItem","position":1,"name":"Home","item":"https:\/\/www.dlgroup.it\/"},{"@type":"ListItem","position":2,"name":"Modulo Contatto"}]},{"@type":"WebSite","@id":"https:\/\/www.dlgroup.it\/#website","url":"https:\/\/www.dlgroup.it\/","name":"Une question, est-il un outil qui cr\u00e9e des Url automatiquement sans avoir \u00e0 les saisir?","description":"La vente et l'Installation de Syst\u00e8mes photovolta\u00efques et de Frosinone au Lazio","publisher":{"@id":"https:\/\/www.dlgroup.it\/#organization"},"potentialAction":[{"@type":"SearchAction","target":{"@type":"EntryPoint","urlTemplate":"https:\/\/www.dlgroup.it\/?s={search_term_string}"},"query-input":{"@type":"PropertyValueSpecification","valueRequired":true,"valueName":"search_term_string"}}],"inLanguage":"fr-FR"},{"@type":"Organization","@id":"https:\/\/www.dlgroup.it\/#organization","name":"De Luca Groupe","url":"https:\/\/www.dlgroup.it\/","logo":{"@type":"ImageObject","inLanguage":"fr-FR","@id":"https:\/\/www.dlgroup.it\/#\/schema\/logo\/image\/","url":"https:\/\/www.dlgroup.it\/wp-content\/uploads\/2023\/12\/logo_1.png","contentUrl":"https:\/\/www.dlgroup.it\/wp-content\/uploads\/2023\/12\/logo_1.png","width":350,"height":300,"caption":"De Luca Group"},"image":{"@id":"https:\/\/www.dlgroup.it\/#\/schema\/logo\/image\/"},"publishingPrinciples":"https:\/\/www.dlgroup.it\/contattaci\/"}]}},"_links":{"self":[{"href":"https:\/\/www.dlgroup.it\/fr\/wp-json\/wp\/v2\/pages\/80","targetHints":{"allow":["GET"]}}],"collection":[{"href":"https:\/\/www.dlgroup.it\/fr\/wp-json\/wp\/v2\/pages"}],"about":[{"href":"https:\/\/www.dlgroup.it\/fr\/wp-json\/wp\/v2\/types\/page"}],"author":[{"embeddable":true,"href":"https:\/\/www.dlgroup.it\/fr\/wp-json\/wp\/v2\/users\/1"}],"replies":[{"embeddable":true,"href":"https:\/\/www.dlgroup.it\/fr\/wp-json\/wp\/v2\/comments?post=80"}],"version-history":[{"count":27,"href":"https:\/\/www.dlgroup.it\/fr\/wp-json\/wp\/v2\/pages\/80\/revisions"}],"predecessor-version":[{"id":501,"href":"https:\/\/www.dlgroup.it\/fr\/wp-json\/wp\/v2\/pages\/80\/revisions\/501"}],"wp:attachment":[{"href":"https:\/\/www.dlgroup.it\/fr\/wp-json\/wp\/v2\/media?parent=80"}],"curies":[{"name":"wp","href":"https:\/\/api.w.org\/{rel}","templated":true}]}}