{"id":2,"date":"2023-11-14T12:47:52","date_gmt":"2023-11-14T12:47:52","guid":{"rendered":"https:\/\/www.dlgroup.it\/?page_id=2"},"modified":"2025-08-26T11:41:49","modified_gmt":"2025-08-26T11:41:49","slug":"qui-nous-sommes","status":"publish","type":"page","link":"https:\/\/www.dlgroup.it\/fr\/qui-nous-sommes\/","title":{"rendered":"Qui Nous Sommes"},"content":{"rendered":"<p><strong>De Luca Groupe<\/strong> a \u00e9t\u00e9 fond\u00e9e en 2020 et a depuis <strong>vente et installation de panneaux photovolta\u00efques<\/strong> pour les bureaux, les habitations et les entreprises qui souhaitent pr\u00e9server la plan\u00e8te gr\u00e2ce \u00e0 une \u00e9nergie solaire propre et illimit\u00e9e, et, \u00e0 moyen et long terme, vous pouvez <strong>\u00e9conomiser jusqu'\u00e0 80%<\/strong> sur les co\u00fbts.<\/p>\n\n\n\n<p>Nous nous occupons de la conception, <strong>l'installation et la maintenance de vos syst\u00e8mes photovolta\u00efques<\/strong>. Vous pouvez demander un premier contact, un de nos techniciens prendra contact avec vous et r\u00e9pondra \u00e0 toutes vos questions, sans engagement !<\/p>\n\n\n\n<p>Si vous d\u00e9cidez d'installer un <strong>syst\u00e8me photovolta\u00efque<\/strong>, qui, nous nous en souvenons, vous rendra <strong>\u00e9conomiser jusqu'\u00e0 80%<\/strong> sur vos factures, notre \u00e9quipe de techniciens effectuera une inspection et \u00e9num\u00e9rera toutes les solutions possibles pour l'installation de votre syst\u00e8me photovolta\u00efque.<\/p>\n\n\n\n<p>Nous installons votre syst\u00e8me photovolta\u00efque dans les plus brefs d\u00e9lais. <strong>vous pouvez b\u00e9n\u00e9ficier imm\u00e9diatement d'une source d'\u00e9nergie INESAURABLE, le Soleil !<\/strong><\/p>","protected":false},"excerpt":{"rendered":"<p>De Luca Group nasce nel 2020 e si occupa da allora della vendita e dell&#8217;installazione di pannelli fotovoltaici per uffici, case e aziende che vogliono salvaguardare il pianeta con energia solare pulita ed illimitata, inoltre, dettaglio non trascurabile nel medio\/lungo periodo potrai risparmiare fino a 80% sui costi. Ci occupiamo della progettazione, dell&#8217;installazione e della manutenzione dei tuoi impianti fotovoltaici. Potrai richiedere un primo contatto, un nostro tecnico si metter\u00e0[&hellip;]<\/p>","protected":false},"author":1,"featured_media":0,"parent":0,"menu_order":0,"comment_status":"closed","ping_status":"open","template":"","meta":{"footnotes":""},"class_list":["post-2","page","type-page","status-publish","hentry"],"acf":[],"yoast_head":"<!-- This site is optimized with the Yoast SEO Premium plugin v25.7.1 (Yoast SEO v25.7) - https:\/\/yoast.com\/wordpress\/plugins\/seo\/ -->\n<title>Dl Group - Azienda Leader per Installazione Di Impianti Fotovoltaici<\/title>\n<meta name=\"description\" content=\"La DL GROUP \u00e8 un azienda leader nel settore delle energie rinnovabili, ci occupiamo nell&#039;installazione di pannelli solari e impianti fotovoltaici\" \/>\n<meta name=\"robots\" content=\"index, follow, max-snippet:-1, max-image-preview:large, max-video-preview:-1\" \/>\n<link rel=\"canonical\" href=\"https:\/\/www.dlgroup.it\/fr\/qui-nous-sommes\/\" \/>\n<meta property=\"og:locale\" content=\"fr_FR\" \/>\n<meta property=\"og:type\" content=\"article\" \/>\n<meta property=\"og:title\" content=\"Chi Siamo\" \/>\n<meta property=\"og:description\" content=\"La DL GROUP \u00e8 un azienda leader nel settore delle energie rinnovabili, ci occupiamo nell&#039;installazione di pannelli solari e impianti fotovoltaici\" \/>\n<meta property=\"og:url\" content=\"https:\/\/www.dlgroup.it\/fr\/qui-nous-sommes\/\" \/>\n<meta property=\"og:site_name\" content=\"Vendita e Installazione di Impianti Fotovoltaici | Dl Group\" \/>\n<meta property=\"article:modified_time\" content=\"2025-08-26T11:41:49+00:00\" \/>\n<meta name=\"twitter:card\" content=\"summary_large_image\" \/>\n<meta name=\"twitter:label1\" content=\"Dur\u00e9e de lecture estim\u00e9e\" \/>\n\t<meta name=\"twitter:data1\" content=\"1 minute\" \/>\n<script type=\"application\/ld+json\" class=\"yoast-schema-graph\">{\"@context\":\"https:\/\/schema.org\",\"@graph\":[{\"@type\":\"WebPage\",\"@id\":\"https:\/\/www.dlgroup.it\/chi-siamo\/\",\"url\":\"https:\/\/www.dlgroup.it\/chi-siamo\/\",\"name\":\"Dl Group - Azienda Leader per Installazione Di Impianti Fotovoltaici\",\"isPartOf\":{\"@id\":\"https:\/\/www.dlgroup.it\/#website\"},\"datePublished\":\"2023-11-14T12:47:52+00:00\",\"dateModified\":\"2025-08-26T11:41:49+00:00\",\"description\":\"La DL GROUP \u00e8 un azienda leader nel settore delle energie rinnovabili, ci occupiamo nell'installazione di pannelli solari e impianti fotovoltaici\",\"breadcrumb\":{\"@id\":\"https:\/\/www.dlgroup.it\/chi-siamo\/#breadcrumb\"},\"inLanguage\":\"fr-FR\",\"potentialAction\":[{\"@type\":\"ReadAction\",\"target\":[\"https:\/\/www.dlgroup.it\/chi-siamo\/\"]}]},{\"@type\":\"BreadcrumbList\",\"@id\":\"https:\/\/www.dlgroup.it\/chi-siamo\/#breadcrumb\",\"itemListElement\":[{\"@type\":\"ListItem\",\"position\":1,\"name\":\"Home\",\"item\":\"https:\/\/www.dlgroup.it\/\"},{\"@type\":\"ListItem\",\"position\":2,\"name\":\"Chi Siamo\"}]},{\"@type\":\"WebSite\",\"@id\":\"https:\/\/www.dlgroup.it\/#website\",\"url\":\"https:\/\/www.dlgroup.it\/\",\"name\":\"One question, is there a tool that creates URLs automatically without having to type them?\",\"description\":\"Vendita e Installazione di Impianti fotovoltaici a Frosinone e nel Lazio\",\"publisher\":{\"@id\":\"https:\/\/www.dlgroup.it\/#organization\"},\"potentialAction\":[{\"@type\":\"SearchAction\",\"target\":{\"@type\":\"EntryPoint\",\"urlTemplate\":\"https:\/\/www.dlgroup.it\/?s={search_term_string}\"},\"query-input\":{\"@type\":\"PropertyValueSpecification\",\"valueRequired\":true,\"valueName\":\"search_term_string\"}}],\"inLanguage\":\"fr-FR\"},{\"@type\":\"Organization\",\"@id\":\"https:\/\/www.dlgroup.it\/#organization\",\"name\":\"De Luca Group\",\"url\":\"https:\/\/www.dlgroup.it\/\",\"logo\":{\"@type\":\"ImageObject\",\"inLanguage\":\"fr-FR\",\"@id\":\"https:\/\/www.dlgroup.it\/#\/schema\/logo\/image\/\",\"url\":\"https:\/\/www.dlgroup.it\/wp-content\/uploads\/2023\/12\/logo_1.png\",\"contentUrl\":\"https:\/\/www.dlgroup.it\/wp-content\/uploads\/2023\/12\/logo_1.png\",\"width\":350,\"height\":300,\"caption\":\"De Luca Group\"},\"image\":{\"@id\":\"https:\/\/www.dlgroup.it\/#\/schema\/logo\/image\/\"},\"publishingPrinciples\":\"https:\/\/www.dlgroup.it\/contattaci\/\"}]}<\/script>\n<!-- \/ Yoast SEO Premium plugin. -->","yoast_head_json":{"title":"Dl Group - Entreprise leader dans le domaine de l'installation photovolta\u00efque","description":"Le GROUPE DL est une entreprise leader dans le secteur des \u00e9nergies renouvelables, nous nous occupons de l'installation de panneaux solaires et de syst\u00e8mes photovolta\u00efques.","robots":{"index":"index","follow":"follow","max-snippet":"max-snippet:-1","max-image-preview":"max-image-preview:large","max-video-preview":"max-video-preview:-1"},"canonical":"https:\/\/www.dlgroup.it\/fr\/qui-nous-sommes\/","og_locale":"fr_FR","og_type":"article","og_title":"Chi Siamo","og_description":"La DL GROUP \u00e8 un azienda leader nel settore delle energie rinnovabili, ci occupiamo nell'installazione di pannelli solari e impianti fotovoltaici","og_url":"https:\/\/www.dlgroup.it\/fr\/qui-nous-sommes\/","og_site_name":"Vendita e Installazione di Impianti Fotovoltaici | Dl Group","article_modified_time":"2025-08-26T11:41:49+00:00","twitter_card":"summary_large_image","twitter_misc":{"Dur\u00e9e de lecture estim\u00e9e":"1 minute"},"schema":{"@context":"https:\/\/schema.org","@graph":[{"@type":"WebPage","@id":"https:\/\/www.dlgroup.it\/chi-siamo\/","url":"https:\/\/www.dlgroup.it\/chi-siamo\/","name":"Dl Group - Entreprise leader dans le domaine de l'installation photovolta\u00efque","isPartOf":{"@id":"https:\/\/www.dlgroup.it\/#website"},"datePublished":"2023-11-14T12:47:52+00:00","dateModified":"2025-08-26T11:41:49+00:00","description":"Le GROUPE DL est une entreprise leader dans le secteur des \u00e9nergies renouvelables, nous nous occupons de l'installation de panneaux solaires et de syst\u00e8mes photovolta\u00efques.","breadcrumb":{"@id":"https:\/\/www.dlgroup.it\/chi-siamo\/#breadcrumb"},"inLanguage":"fr-FR","potentialAction":[{"@type":"ReadAction","target":["https:\/\/www.dlgroup.it\/chi-siamo\/"]}]},{"@type":"BreadcrumbList","@id":"https:\/\/www.dlgroup.it\/chi-siamo\/#breadcrumb","itemListElement":[{"@type":"ListItem","position":1,"name":"Home","item":"https:\/\/www.dlgroup.it\/"},{"@type":"ListItem","position":2,"name":"Chi Siamo"}]},{"@type":"WebSite","@id":"https:\/\/www.dlgroup.it\/#website","url":"https:\/\/www.dlgroup.it\/","name":"Une question, est-il un outil qui cr\u00e9e des Url automatiquement sans avoir \u00e0 les saisir?","description":"La vente et l'Installation de Syst\u00e8mes photovolta\u00efques et de Frosinone au Lazio","publisher":{"@id":"https:\/\/www.dlgroup.it\/#organization"},"potentialAction":[{"@type":"SearchAction","target":{"@type":"EntryPoint","urlTemplate":"https:\/\/www.dlgroup.it\/?s={search_term_string}"},"query-input":{"@type":"PropertyValueSpecification","valueRequired":true,"valueName":"search_term_string"}}],"inLanguage":"fr-FR"},{"@type":"Organization","@id":"https:\/\/www.dlgroup.it\/#organization","name":"De Luca Groupe","url":"https:\/\/www.dlgroup.it\/","logo":{"@type":"ImageObject","inLanguage":"fr-FR","@id":"https:\/\/www.dlgroup.it\/#\/schema\/logo\/image\/","url":"https:\/\/www.dlgroup.it\/wp-content\/uploads\/2023\/12\/logo_1.png","contentUrl":"https:\/\/www.dlgroup.it\/wp-content\/uploads\/2023\/12\/logo_1.png","width":350,"height":300,"caption":"De Luca Group"},"image":{"@id":"https:\/\/www.dlgroup.it\/#\/schema\/logo\/image\/"},"publishingPrinciples":"https:\/\/www.dlgroup.it\/contattaci\/"}]}},"_links":{"self":[{"href":"https:\/\/www.dlgroup.it\/fr\/wp-json\/wp\/v2\/pages\/2","targetHints":{"allow":["GET"]}}],"collection":[{"href":"https:\/\/www.dlgroup.it\/fr\/wp-json\/wp\/v2\/pages"}],"about":[{"href":"https:\/\/www.dlgroup.it\/fr\/wp-json\/wp\/v2\/types\/page"}],"author":[{"embeddable":true,"href":"https:\/\/www.dlgroup.it\/fr\/wp-json\/wp\/v2\/users\/1"}],"replies":[{"embeddable":true,"href":"https:\/\/www.dlgroup.it\/fr\/wp-json\/wp\/v2\/comments?post=2"}],"version-history":[{"count":7,"href":"https:\/\/www.dlgroup.it\/fr\/wp-json\/wp\/v2\/pages\/2\/revisions"}],"predecessor-version":[{"id":1241,"href":"https:\/\/www.dlgroup.it\/fr\/wp-json\/wp\/v2\/pages\/2\/revisions\/1241"}],"wp:attachment":[{"href":"https:\/\/www.dlgroup.it\/fr\/wp-json\/wp\/v2\/media?parent=2"}],"curies":[{"name":"wp","href":"https:\/\/api.w.org\/{rel}","templated":true}]}}