{"id":1481,"date":"2024-12-09T22:58:35","date_gmt":"2024-12-09T22:58:35","guid":{"rendered":"https:\/\/www.dlgroup.it\/?page_id=1481"},"modified":"2024-12-09T22:58:45","modified_gmt":"2024-12-09T22:58:45","slug":"inverter-cose-e-a-cosa-serve","status":"publish","type":"page","link":"https:\/\/www.dlgroup.it\/fr\/inverter-cose-e-a-cosa-serve\/","title":{"rendered":"Inverter cos&#8217;\u00e8 e a cosa serve"},"content":{"rendered":"<p>Nell&#8217;ambito <strong>pv<\/strong>, l&#8217;<strong>inverter<\/strong> \u00e8 un componente essenziale che svolge una funzione cruciale: converte l&#8217;energia prodotta dai <strong>pannelli solari<\/strong>, che \u00e8 in <strong>corrente continua (DC)<\/strong>, in <strong>corrente alternata (AC)<\/strong>, che \u00e8 la forma di energia utilizzata nella maggior parte degli impianti elettrici domestici e commerciali.<\/p>\n\n\n\n<h3 class=\"wp-block-heading\">A cosa serve l&#8217;inverter nel fotovoltaico:<\/h3>\n\n\n\n<ol class=\"wp-block-list\">\n<li><strong>Conversione dell&#8217;energia<\/strong>: I pannelli fotovoltaici generano energia in corrente continua (DC), ma la maggior parte delle abitazioni e delle reti elettriche funziona con corrente alternata (AC). L&#8217;inverter converte questa energia per renderla utilizzabile.<\/li>\n\n\n\n<li><strong>Ottimizzazione della produzione<\/strong>: Gli inverter moderni sono in grado di ottimizzare la produzione energetica monitorando e adattando il funzionamento di ciascun pannello fotovoltaico, massimizzando l&#8217;efficienza dell&#8217;intero impianto.<\/li>\n\n\n\n<li><strong>Integrazione con la rete elettrica<\/strong>: L&#8217;inverter permette di immettere l&#8217;energia in eccesso nella rete elettrica, se previsto, o di alimentare direttamente i carichi dell&#8217;edificio, come luci, elettrodomestici e altri dispositivi.<\/li>\n\n\n\n<li><strong>Monitoraggio e gestione<\/strong>: Gli inverter avanzati spesso includono funzioni di monitoraggio, che permettono di controllare in tempo reale la produzione di energia, l&#8217;efficienza dell\u2019impianto e il suo stato di funzionamento.<\/li>\n<\/ol>\n\n\n\n<p>In sintesi, l&#8217;inverter \u00e8 fondamentale in un impianto fotovoltaico perch\u00e9 consente di rendere utilizzabile l&#8217;energia solare, ottimizzandone la produzione e l&#8217;integrazione con l&#8217;uso domestico o industriale.<\/p>","protected":false},"excerpt":{"rendered":"<p>Nell&#8217;ambito fotovoltaico, l&#8217;inverter \u00e8 un componente essenziale che svolge una funzione cruciale: converte l&#8217;energia prodotta dai pannelli solari, che \u00e8 in corrente continua (DC), in corrente alternata (AC), che \u00e8 la forma di energia utilizzata nella maggior parte degli impianti elettrici domestici e commerciali. A cosa serve l&#8217;inverter nel fotovoltaico: In sintesi, l&#8217;inverter \u00e8 fondamentale in un impianto fotovoltaico perch\u00e9 consente di rendere utilizzabile l&#8217;energia solare, ottimizzandone la produzione e[&hellip;]<\/p>","protected":false},"author":1,"featured_media":0,"parent":0,"menu_order":0,"comment_status":"closed","ping_status":"closed","template":"","meta":{"footnotes":""},"class_list":["post-1481","page","type-page","status-publish","hentry"],"acf":[],"yoast_head":"<!-- This site is optimized with the Yoast SEO Premium plugin v25.7.1 (Yoast SEO v25.7) - https:\/\/yoast.com\/wordpress\/plugins\/seo\/ -->\n<title>Inverter cos&#039;\u00e8 e a cosa serve - Vendita e Installazione di Impianti Fotovoltaici | Dl Group<\/title>\n<meta name=\"description\" content=\"Scopri a cosa serve e cos&#039;\u00e8 un inverter, affidati a professionisti del settore per l&#039;installazione del tuo impianto fotovoltaico.\" \/>\n<meta name=\"robots\" content=\"index, follow, max-snippet:-1, max-image-preview:large, max-video-preview:-1\" \/>\n<link rel=\"canonical\" href=\"https:\/\/www.dlgroup.it\/fr\/inverter-cose-e-a-cosa-serve\/\" \/>\n<meta property=\"og:locale\" content=\"fr_FR\" \/>\n<meta property=\"og:type\" content=\"article\" \/>\n<meta property=\"og:title\" content=\"Inverter cos&#039;\u00e8 e a cosa serve\" \/>\n<meta property=\"og:description\" content=\"Scopri a cosa serve e cos&#039;\u00e8 un inverter, affidati a professionisti del settore per l&#039;installazione del tuo impianto fotovoltaico.\" \/>\n<meta property=\"og:url\" content=\"https:\/\/www.dlgroup.it\/fr\/inverter-cose-e-a-cosa-serve\/\" \/>\n<meta property=\"og:site_name\" content=\"Vendita e Installazione di Impianti Fotovoltaici | Dl Group\" \/>\n<meta property=\"article:modified_time\" content=\"2024-12-09T22:58:45+00:00\" \/>\n<meta name=\"twitter:card\" content=\"summary_large_image\" \/>\n<meta name=\"twitter:label1\" content=\"Dur\u00e9e de lecture estim\u00e9e\" \/>\n\t<meta name=\"twitter:data1\" content=\"2 minutes\" \/>\n<script type=\"application\/ld+json\" class=\"yoast-schema-graph\">{\"@context\":\"https:\/\/schema.org\",\"@graph\":[{\"@type\":\"WebPage\",\"@id\":\"https:\/\/www.dlgroup.it\/inverter-cose-e-a-cosa-serve\/\",\"url\":\"https:\/\/www.dlgroup.it\/inverter-cose-e-a-cosa-serve\/\",\"name\":\"Inverter cos'\u00e8 e a cosa serve - Vendita e Installazione di Impianti Fotovoltaici | Dl Group\",\"isPartOf\":{\"@id\":\"https:\/\/www.dlgroup.it\/#website\"},\"datePublished\":\"2024-12-09T22:58:35+00:00\",\"dateModified\":\"2024-12-09T22:58:45+00:00\",\"description\":\"Scopri a cosa serve e cos'\u00e8 un inverter, affidati a professionisti del settore per l'installazione del tuo impianto fotovoltaico.\",\"breadcrumb\":{\"@id\":\"https:\/\/www.dlgroup.it\/inverter-cose-e-a-cosa-serve\/#breadcrumb\"},\"inLanguage\":\"fr-FR\",\"potentialAction\":[{\"@type\":\"ReadAction\",\"target\":[\"https:\/\/www.dlgroup.it\/inverter-cose-e-a-cosa-serve\/\"]}]},{\"@type\":\"BreadcrumbList\",\"@id\":\"https:\/\/www.dlgroup.it\/inverter-cose-e-a-cosa-serve\/#breadcrumb\",\"itemListElement\":[{\"@type\":\"ListItem\",\"position\":1,\"name\":\"Home\",\"item\":\"https:\/\/www.dlgroup.it\/\"},{\"@type\":\"ListItem\",\"position\":2,\"name\":\"Inverter cos&#8217;\u00e8 e a cosa serve\"}]},{\"@type\":\"WebSite\",\"@id\":\"https:\/\/www.dlgroup.it\/#website\",\"url\":\"https:\/\/www.dlgroup.it\/\",\"name\":\"One question, is there a tool that creates URLs automatically without having to type them?\",\"description\":\"Vendita e Installazione di Impianti fotovoltaici a Frosinone e nel Lazio\",\"publisher\":{\"@id\":\"https:\/\/www.dlgroup.it\/#organization\"},\"potentialAction\":[{\"@type\":\"SearchAction\",\"target\":{\"@type\":\"EntryPoint\",\"urlTemplate\":\"https:\/\/www.dlgroup.it\/?s={search_term_string}\"},\"query-input\":{\"@type\":\"PropertyValueSpecification\",\"valueRequired\":true,\"valueName\":\"search_term_string\"}}],\"inLanguage\":\"fr-FR\"},{\"@type\":\"Organization\",\"@id\":\"https:\/\/www.dlgroup.it\/#organization\",\"name\":\"De Luca Group\",\"url\":\"https:\/\/www.dlgroup.it\/\",\"logo\":{\"@type\":\"ImageObject\",\"inLanguage\":\"fr-FR\",\"@id\":\"https:\/\/www.dlgroup.it\/#\/schema\/logo\/image\/\",\"url\":\"https:\/\/www.dlgroup.it\/wp-content\/uploads\/2023\/12\/logo_1.png\",\"contentUrl\":\"https:\/\/www.dlgroup.it\/wp-content\/uploads\/2023\/12\/logo_1.png\",\"width\":350,\"height\":300,\"caption\":\"De Luca Group\"},\"image\":{\"@id\":\"https:\/\/www.dlgroup.it\/#\/schema\/logo\/image\/\"},\"publishingPrinciples\":\"https:\/\/www.dlgroup.it\/contattaci\/\"}]}<\/script>\n<!-- \/ Yoast SEO Premium plugin. -->","yoast_head_json":{"title":"Inverter cos'\u00e8 e a cosa serve - Vendita e Installazione di Impianti Fotovoltaici | Dl Group","description":"Scopri a cosa serve e cos'\u00e8 un inverter, affidati a professionisti del settore per l'installazione del tuo impianto fotovoltaico.","robots":{"index":"index","follow":"follow","max-snippet":"max-snippet:-1","max-image-preview":"max-image-preview:large","max-video-preview":"max-video-preview:-1"},"canonical":"https:\/\/www.dlgroup.it\/fr\/inverter-cose-e-a-cosa-serve\/","og_locale":"fr_FR","og_type":"article","og_title":"Inverter cos'\u00e8 e a cosa serve","og_description":"Scopri a cosa serve e cos'\u00e8 un inverter, affidati a professionisti del settore per l'installazione del tuo impianto fotovoltaico.","og_url":"https:\/\/www.dlgroup.it\/fr\/inverter-cose-e-a-cosa-serve\/","og_site_name":"Vendita e Installazione di Impianti Fotovoltaici | Dl Group","article_modified_time":"2024-12-09T22:58:45+00:00","twitter_card":"summary_large_image","twitter_misc":{"Dur\u00e9e de lecture estim\u00e9e":"2 minutes"},"schema":{"@context":"https:\/\/schema.org","@graph":[{"@type":"WebPage","@id":"https:\/\/www.dlgroup.it\/inverter-cose-e-a-cosa-serve\/","url":"https:\/\/www.dlgroup.it\/inverter-cose-e-a-cosa-serve\/","name":"Inverter cos'\u00e8 e a cosa serve - Vendita e Installazione di Impianti Fotovoltaici | Dl Group","isPartOf":{"@id":"https:\/\/www.dlgroup.it\/#website"},"datePublished":"2024-12-09T22:58:35+00:00","dateModified":"2024-12-09T22:58:45+00:00","description":"Scopri a cosa serve e cos'\u00e8 un inverter, affidati a professionisti del settore per l'installazione del tuo impianto fotovoltaico.","breadcrumb":{"@id":"https:\/\/www.dlgroup.it\/inverter-cose-e-a-cosa-serve\/#breadcrumb"},"inLanguage":"fr-FR","potentialAction":[{"@type":"ReadAction","target":["https:\/\/www.dlgroup.it\/inverter-cose-e-a-cosa-serve\/"]}]},{"@type":"BreadcrumbList","@id":"https:\/\/www.dlgroup.it\/inverter-cose-e-a-cosa-serve\/#breadcrumb","itemListElement":[{"@type":"ListItem","position":1,"name":"Home","item":"https:\/\/www.dlgroup.it\/"},{"@type":"ListItem","position":2,"name":"Inverter cos&#8217;\u00e8 e a cosa serve"}]},{"@type":"WebSite","@id":"https:\/\/www.dlgroup.it\/#website","url":"https:\/\/www.dlgroup.it\/","name":"Une question, est-il un outil qui cr\u00e9e des Url automatiquement sans avoir \u00e0 les saisir?","description":"La vente et l'Installation de Syst\u00e8mes photovolta\u00efques et de Frosinone au Lazio","publisher":{"@id":"https:\/\/www.dlgroup.it\/#organization"},"potentialAction":[{"@type":"SearchAction","target":{"@type":"EntryPoint","urlTemplate":"https:\/\/www.dlgroup.it\/?s={search_term_string}"},"query-input":{"@type":"PropertyValueSpecification","valueRequired":true,"valueName":"search_term_string"}}],"inLanguage":"fr-FR"},{"@type":"Organization","@id":"https:\/\/www.dlgroup.it\/#organization","name":"De Luca Groupe","url":"https:\/\/www.dlgroup.it\/","logo":{"@type":"ImageObject","inLanguage":"fr-FR","@id":"https:\/\/www.dlgroup.it\/#\/schema\/logo\/image\/","url":"https:\/\/www.dlgroup.it\/wp-content\/uploads\/2023\/12\/logo_1.png","contentUrl":"https:\/\/www.dlgroup.it\/wp-content\/uploads\/2023\/12\/logo_1.png","width":350,"height":300,"caption":"De Luca Group"},"image":{"@id":"https:\/\/www.dlgroup.it\/#\/schema\/logo\/image\/"},"publishingPrinciples":"https:\/\/www.dlgroup.it\/contattaci\/"}]}},"_links":{"self":[{"href":"https:\/\/www.dlgroup.it\/fr\/wp-json\/wp\/v2\/pages\/1481","targetHints":{"allow":["GET"]}}],"collection":[{"href":"https:\/\/www.dlgroup.it\/fr\/wp-json\/wp\/v2\/pages"}],"about":[{"href":"https:\/\/www.dlgroup.it\/fr\/wp-json\/wp\/v2\/types\/page"}],"author":[{"embeddable":true,"href":"https:\/\/www.dlgroup.it\/fr\/wp-json\/wp\/v2\/users\/1"}],"replies":[{"embeddable":true,"href":"https:\/\/www.dlgroup.it\/fr\/wp-json\/wp\/v2\/comments?post=1481"}],"version-history":[{"count":1,"href":"https:\/\/www.dlgroup.it\/fr\/wp-json\/wp\/v2\/pages\/1481\/revisions"}],"predecessor-version":[{"id":1482,"href":"https:\/\/www.dlgroup.it\/fr\/wp-json\/wp\/v2\/pages\/1481\/revisions\/1482"}],"wp:attachment":[{"href":"https:\/\/www.dlgroup.it\/fr\/wp-json\/wp\/v2\/media?parent=1481"}],"curies":[{"name":"wp","href":"https:\/\/api.w.org\/{rel}","templated":true}]}}