{"id":1478,"date":"2024-12-09T22:47:55","date_gmt":"2024-12-09T22:47:55","guid":{"rendered":"https:\/\/www.dlgroup.it\/?page_id=1478"},"modified":"2024-12-09T22:48:04","modified_gmt":"2024-12-09T22:48:04","slug":"systeme-de-stockage","status":"publish","type":"page","link":"https:\/\/www.dlgroup.it\/fr\/systeme-de-stockage\/","title":{"rendered":"Syst\u00e8me De Stockage"},"content":{"rendered":"<p>A <strong>syst\u00e8me de stockage<\/strong> dans le contexte <strong>pv<\/strong> est un dispositif permettant de stocker l'\u00e9nergie \u00e9lectrique produite par un syst\u00e8me photovolta\u00efque en vue d'une utilisation ult\u00e9rieure lorsque la production solaire n'est pas disponible (par exemple, pendant la nuit ou pendant les p\u00e9riodes nuageuses).<\/p>\n\n\n\n<h3 class=\"wp-block-heading\">Qu'est-ce qu'un syst\u00e8me de stockage photovolta\u00efque ?<\/h3>\n\n\n\n<p>Un syst\u00e8me de stockage se compose principalement des \u00e9l\u00e9ments suivants <strong>piles<\/strong> (g\u00e9n\u00e9ralement lithium-ion, plomb-acide ou autres technologies) qui stockent l'\u00e9lectricit\u00e9 produite par les panneaux photovolta\u00efques. Le syst\u00e8me de stockage peut \u00eatre int\u00e9gr\u00e9 au syst\u00e8me photovolta\u00efque ou ajout\u00e9 ult\u00e9rieurement en tant que composant s\u00e9par\u00e9.<\/p>\n\n\n\n<h3 class=\"wp-block-heading\">Principaux composants d'un syst\u00e8me de stockage photovolta\u00efque :<\/h3>\n\n\n\n<ol class=\"wp-block-list\">\n<li><strong>Batterie<\/strong>Il stocke l'\u00e9nergie exc\u00e9dentaire produite par les panneaux photovolta\u00efques.<\/li>\n\n\n\n<li><strong>Onduleur<\/strong>: convertit l'\u00e9nergie \u00e9lectrique produite par les panneaux (courant continu) en courant alternatif utilisable dans les habitations ou l'industrie.<\/li>\n\n\n\n<li><strong>Syst\u00e8me de gestion de la batterie (BMS)<\/strong>surveille et g\u00e8re la charge et la d\u00e9charge de la batterie pour garantir la s\u00e9curit\u00e9 et l'efficacit\u00e9.<\/li>\n<\/ol>\n\n\n\n<h3 class=\"wp-block-heading\">\u00c0 quoi sert un syst\u00e8me de stockage photovolta\u00efque :<\/h3>\n\n\n\n<ol class=\"wp-block-list\">\n<li><strong>Autoconsommation<\/strong>Il permet de consommer l'\u00e9nergie produite par les panneaux solaires m\u00eame lorsque le soleil n'est pas pr\u00e9sent (par exemple le soir ou par temps nuageux), ce qui accro\u00eet l'autosuffisance \u00e9nerg\u00e9tique.<\/li>\n\n\n\n<li><strong>Ind\u00e9pendance par rapport au r\u00e9seau \u00e9lectrique<\/strong>Pour ceux qui souhaitent r\u00e9duire ou \u00e9liminer la consommation d'\u00e9nergie du r\u00e9seau, le syst\u00e8me de stockage permet de stocker l'\u00e9nergie exc\u00e9dentaire en vue d'une utilisation ult\u00e9rieure, sans d\u00e9pendre d'un approvisionnement ext\u00e9rieur.<\/li>\n\n\n\n<li><strong>Optimiser la facture<\/strong>Il permet d'utiliser l'\u00e9nergie stock\u00e9e au lieu de la pr\u00e9lever sur le r\u00e9seau, ce qui r\u00e9duit les co\u00fbts de la facture d'\u00e9lectricit\u00e9, en particulier aux heures de la journ\u00e9e o\u00f9 l'\u00e9nergie du r\u00e9seau est plus ch\u00e8re.<\/li>\n\n\n\n<li><strong>Stabilit\u00e9 du r\u00e9seau<\/strong>Dans certaines situations, les syst\u00e8mes de stockage peuvent \u00e9galement soutenir le r\u00e9seau \u00e9lectrique, car ils peuvent restituer de l'\u00e9nergie lors des pics de demande, contribuant ainsi \u00e0 la stabilit\u00e9 du syst\u00e8me.<\/li>\n\n\n\n<li><strong>Sauvegarde de l'\u00e9nergie<\/strong>En cas d'interruption du r\u00e9seau, le syst\u00e8me de stockage constitue une source d'\u00e9nergie de secours pour la maison ou le b\u00e2timent.<\/li>\n<\/ol>\n\n\n\n<p>En r\u00e9sum\u00e9, un syst\u00e8me de stockage dans un syst\u00e8me photovolta\u00efque optimise l'utilisation de l'\u00e9nergie solaire, en am\u00e9liorant l'autoconsommation, en r\u00e9duisant les co\u00fbts \u00e9nerg\u00e9tiques et en augmentant la fiabilit\u00e9 de l'approvisionnement en \u00e9lectricit\u00e9.<\/p>","protected":false},"excerpt":{"rendered":"<p>Un sistema di accumulo nel contesto fotovoltaico \u00e8 un dispositivo che consente di immagazzinare l&#8217;energia elettrica prodotta da un impianto fotovoltaico per utilizzarla in un momento successivo, quando la produzione solare non \u00e8 disponibile (ad esempio, durante la notte o nei periodi nuvolosi). Cos&#8217;\u00e8 un sistema di accumulo fotovoltaico Un sistema di accumulo \u00e8 costituito principalmente da batterie (generalmente al litio, piombo-acido o altre tecnologie) che immagazzinano l&#8217;elettricit\u00e0 generata dai[&hellip;]<\/p>","protected":false},"author":1,"featured_media":0,"parent":0,"menu_order":0,"comment_status":"closed","ping_status":"closed","template":"","meta":{"footnotes":""},"class_list":["post-1478","page","type-page","status-publish","hentry"],"acf":[],"yoast_head":"<!-- This site is optimized with the Yoast SEO Premium plugin v25.7.1 (Yoast SEO v25.7) - https:\/\/yoast.com\/wordpress\/plugins\/seo\/ -->\n<title>Sistema Di Accumulo - Vendita e Installazione di Impianti Fotovoltaici | Dl Group<\/title>\n<meta name=\"description\" content=\"Scopri cos&#039;\u00e8 e a cosa serve un sistema di accumulo, affidati a Dl Group per l&#039;installazione di impianti fotovoltaici.\" \/>\n<meta name=\"robots\" content=\"index, follow, max-snippet:-1, max-image-preview:large, max-video-preview:-1\" \/>\n<link rel=\"canonical\" href=\"https:\/\/www.dlgroup.it\/fr\/systeme-de-stockage\/\" \/>\n<meta property=\"og:locale\" content=\"fr_FR\" \/>\n<meta property=\"og:type\" content=\"article\" \/>\n<meta property=\"og:title\" content=\"Sistema Di Accumulo\" \/>\n<meta property=\"og:description\" content=\"Scopri cos&#039;\u00e8 e a cosa serve un sistema di accumulo, affidati a Dl Group per l&#039;installazione di impianti fotovoltaici.\" \/>\n<meta property=\"og:url\" content=\"https:\/\/www.dlgroup.it\/fr\/systeme-de-stockage\/\" \/>\n<meta property=\"og:site_name\" content=\"Vendita e Installazione di Impianti Fotovoltaici | Dl Group\" \/>\n<meta property=\"article:modified_time\" content=\"2024-12-09T22:48:04+00:00\" \/>\n<meta name=\"twitter:card\" content=\"summary_large_image\" \/>\n<meta name=\"twitter:label1\" content=\"Dur\u00e9e de lecture estim\u00e9e\" \/>\n\t<meta name=\"twitter:data1\" content=\"2 minutes\" \/>\n<script type=\"application\/ld+json\" class=\"yoast-schema-graph\">{\"@context\":\"https:\/\/schema.org\",\"@graph\":[{\"@type\":\"WebPage\",\"@id\":\"https:\/\/www.dlgroup.it\/sistema-di-accumulo\/\",\"url\":\"https:\/\/www.dlgroup.it\/sistema-di-accumulo\/\",\"name\":\"Sistema Di Accumulo - Vendita e Installazione di Impianti Fotovoltaici | Dl Group\",\"isPartOf\":{\"@id\":\"https:\/\/www.dlgroup.it\/#website\"},\"datePublished\":\"2024-12-09T22:47:55+00:00\",\"dateModified\":\"2024-12-09T22:48:04+00:00\",\"description\":\"Scopri cos'\u00e8 e a cosa serve un sistema di accumulo, affidati a Dl Group per l'installazione di impianti fotovoltaici.\",\"breadcrumb\":{\"@id\":\"https:\/\/www.dlgroup.it\/sistema-di-accumulo\/#breadcrumb\"},\"inLanguage\":\"fr-FR\",\"potentialAction\":[{\"@type\":\"ReadAction\",\"target\":[\"https:\/\/www.dlgroup.it\/sistema-di-accumulo\/\"]}]},{\"@type\":\"BreadcrumbList\",\"@id\":\"https:\/\/www.dlgroup.it\/sistema-di-accumulo\/#breadcrumb\",\"itemListElement\":[{\"@type\":\"ListItem\",\"position\":1,\"name\":\"Home\",\"item\":\"https:\/\/www.dlgroup.it\/\"},{\"@type\":\"ListItem\",\"position\":2,\"name\":\"Sistema Di Accumulo\"}]},{\"@type\":\"WebSite\",\"@id\":\"https:\/\/www.dlgroup.it\/#website\",\"url\":\"https:\/\/www.dlgroup.it\/\",\"name\":\"One question, is there a tool that creates URLs automatically without having to type them?\",\"description\":\"Vendita e Installazione di Impianti fotovoltaici a Frosinone e nel Lazio\",\"publisher\":{\"@id\":\"https:\/\/www.dlgroup.it\/#organization\"},\"potentialAction\":[{\"@type\":\"SearchAction\",\"target\":{\"@type\":\"EntryPoint\",\"urlTemplate\":\"https:\/\/www.dlgroup.it\/?s={search_term_string}\"},\"query-input\":{\"@type\":\"PropertyValueSpecification\",\"valueRequired\":true,\"valueName\":\"search_term_string\"}}],\"inLanguage\":\"fr-FR\"},{\"@type\":\"Organization\",\"@id\":\"https:\/\/www.dlgroup.it\/#organization\",\"name\":\"De Luca Group\",\"url\":\"https:\/\/www.dlgroup.it\/\",\"logo\":{\"@type\":\"ImageObject\",\"inLanguage\":\"fr-FR\",\"@id\":\"https:\/\/www.dlgroup.it\/#\/schema\/logo\/image\/\",\"url\":\"https:\/\/www.dlgroup.it\/wp-content\/uploads\/2023\/12\/logo_1.png\",\"contentUrl\":\"https:\/\/www.dlgroup.it\/wp-content\/uploads\/2023\/12\/logo_1.png\",\"width\":350,\"height\":300,\"caption\":\"De Luca Group\"},\"image\":{\"@id\":\"https:\/\/www.dlgroup.it\/#\/schema\/logo\/image\/\"},\"publishingPrinciples\":\"https:\/\/www.dlgroup.it\/contattaci\/\"}]}<\/script>\n<!-- \/ Yoast SEO Premium plugin. -->","yoast_head_json":{"title":"Sistema Di Accumulo - Vendita e Installazione di Impianti Fotovoltaici | Dl Group","description":"Scopri cos'\u00e8 e a cosa serve un sistema di accumulo, affidati a Dl Group per l'installazione di impianti fotovoltaici.","robots":{"index":"index","follow":"follow","max-snippet":"max-snippet:-1","max-image-preview":"max-image-preview:large","max-video-preview":"max-video-preview:-1"},"canonical":"https:\/\/www.dlgroup.it\/fr\/systeme-de-stockage\/","og_locale":"fr_FR","og_type":"article","og_title":"Sistema Di Accumulo","og_description":"Scopri cos'\u00e8 e a cosa serve un sistema di accumulo, affidati a Dl Group per l'installazione di impianti fotovoltaici.","og_url":"https:\/\/www.dlgroup.it\/fr\/systeme-de-stockage\/","og_site_name":"Vendita e Installazione di Impianti Fotovoltaici | Dl Group","article_modified_time":"2024-12-09T22:48:04+00:00","twitter_card":"summary_large_image","twitter_misc":{"Dur\u00e9e de lecture estim\u00e9e":"2 minutes"},"schema":{"@context":"https:\/\/schema.org","@graph":[{"@type":"WebPage","@id":"https:\/\/www.dlgroup.it\/sistema-di-accumulo\/","url":"https:\/\/www.dlgroup.it\/sistema-di-accumulo\/","name":"Sistema Di Accumulo - Vendita e Installazione di Impianti Fotovoltaici | Dl Group","isPartOf":{"@id":"https:\/\/www.dlgroup.it\/#website"},"datePublished":"2024-12-09T22:47:55+00:00","dateModified":"2024-12-09T22:48:04+00:00","description":"Scopri cos'\u00e8 e a cosa serve un sistema di accumulo, affidati a Dl Group per l'installazione di impianti fotovoltaici.","breadcrumb":{"@id":"https:\/\/www.dlgroup.it\/sistema-di-accumulo\/#breadcrumb"},"inLanguage":"fr-FR","potentialAction":[{"@type":"ReadAction","target":["https:\/\/www.dlgroup.it\/sistema-di-accumulo\/"]}]},{"@type":"BreadcrumbList","@id":"https:\/\/www.dlgroup.it\/sistema-di-accumulo\/#breadcrumb","itemListElement":[{"@type":"ListItem","position":1,"name":"Home","item":"https:\/\/www.dlgroup.it\/"},{"@type":"ListItem","position":2,"name":"Sistema Di Accumulo"}]},{"@type":"WebSite","@id":"https:\/\/www.dlgroup.it\/#website","url":"https:\/\/www.dlgroup.it\/","name":"Une question, est-il un outil qui cr\u00e9e des Url automatiquement sans avoir \u00e0 les saisir?","description":"La vente et l'Installation de Syst\u00e8mes photovolta\u00efques et de Frosinone au Lazio","publisher":{"@id":"https:\/\/www.dlgroup.it\/#organization"},"potentialAction":[{"@type":"SearchAction","target":{"@type":"EntryPoint","urlTemplate":"https:\/\/www.dlgroup.it\/?s={search_term_string}"},"query-input":{"@type":"PropertyValueSpecification","valueRequired":true,"valueName":"search_term_string"}}],"inLanguage":"fr-FR"},{"@type":"Organization","@id":"https:\/\/www.dlgroup.it\/#organization","name":"De Luca Groupe","url":"https:\/\/www.dlgroup.it\/","logo":{"@type":"ImageObject","inLanguage":"fr-FR","@id":"https:\/\/www.dlgroup.it\/#\/schema\/logo\/image\/","url":"https:\/\/www.dlgroup.it\/wp-content\/uploads\/2023\/12\/logo_1.png","contentUrl":"https:\/\/www.dlgroup.it\/wp-content\/uploads\/2023\/12\/logo_1.png","width":350,"height":300,"caption":"De Luca Group"},"image":{"@id":"https:\/\/www.dlgroup.it\/#\/schema\/logo\/image\/"},"publishingPrinciples":"https:\/\/www.dlgroup.it\/contattaci\/"}]}},"_links":{"self":[{"href":"https:\/\/www.dlgroup.it\/fr\/wp-json\/wp\/v2\/pages\/1478","targetHints":{"allow":["GET"]}}],"collection":[{"href":"https:\/\/www.dlgroup.it\/fr\/wp-json\/wp\/v2\/pages"}],"about":[{"href":"https:\/\/www.dlgroup.it\/fr\/wp-json\/wp\/v2\/types\/page"}],"author":[{"embeddable":true,"href":"https:\/\/www.dlgroup.it\/fr\/wp-json\/wp\/v2\/users\/1"}],"replies":[{"embeddable":true,"href":"https:\/\/www.dlgroup.it\/fr\/wp-json\/wp\/v2\/comments?post=1478"}],"version-history":[{"count":1,"href":"https:\/\/www.dlgroup.it\/fr\/wp-json\/wp\/v2\/pages\/1478\/revisions"}],"predecessor-version":[{"id":1479,"href":"https:\/\/www.dlgroup.it\/fr\/wp-json\/wp\/v2\/pages\/1478\/revisions\/1479"}],"wp:attachment":[{"href":"https:\/\/www.dlgroup.it\/fr\/wp-json\/wp\/v2\/media?parent=1478"}],"curies":[{"name":"wp","href":"https:\/\/api.w.org\/{rel}","templated":true}]}}