{"id":1403,"date":"2024-07-10T15:55:44","date_gmt":"2024-07-10T15:55:44","guid":{"rendered":"https:\/\/www.dlgroup.it\/?page_id=1403"},"modified":"2024-12-12T21:29:41","modified_gmt":"2024-12-12T21:29:41","slug":"impianti-fotovoltaici-business-per-aziende","status":"publish","type":"page","link":"https:\/\/www.dlgroup.it\/fr\/impianti-fotovoltaici-business-per-aziende\/","title":{"rendered":"Les Syst\u00e8mes Photovolta\u00efques D'Affaires Pour Les Entreprises"},"content":{"rendered":"<p>Dans un environnement \u00e9conomique o\u00f9 les co\u00fbts de l'\u00e9nergie p\u00e8sent sur les \u00e9tats financiers de la soci\u00e9t\u00e9, l'adoption d'une installation photovolta\u00efque n'est pas seulement une notation, mais un choix pour rester comp\u00e9titif sur le march\u00e9. Faites votre propre entreprise, autonomes en \u00e9nergie est une \u00e9tape strat\u00e9gique, qui apporte de nombreux avantages, \u00e0 partir de la r\u00e9duction significative de la facture \u00e9nerg\u00e9tique. Pour une moyenne ou grande entreprise, en fait, sur les d\u00e9penses \u00e9nerg\u00e9tiques repr\u00e9sentent une voix critique du budget et de l'autosuffisance \u00e9nerg\u00e9tique peut \u00eatre une source d'\u00e9conomie non n\u00e9gligeable.<\/p>\n\n\n\n<p>L' <strong>DL GROUPE<\/strong>, un chef de file dans la r\u00e9gion du Latium, dans l'installation de syst\u00e8mes photovolta\u00efques pour les entreprises, est pr\u00eat \u00e0 vous guider dans ce processus avec professionnalisme et comp\u00e9tence. Nous offrons un service complet qui comprend la conception, l'installation et la maintenance de l'installation photovolta\u00efque, fourniture de 360 degr\u00e9s service, \u00e0 la fois avant, pendant et apr\u00e8s l'installation, assurer un maximum de performance et de durabilit\u00e9 du syst\u00e8me.<\/p>\n\n\n\n<p>Comme soulign\u00e9 pr\u00e9c\u00e9demment, l'installation d'un syst\u00e8me photovolta\u00efque est un clairvoyant choix, ce qui est particuli\u00e8rement avantageux en ce moment historique. En plus des avantages \u00e9conomiques directs, les entreprises peuvent tirer parti de gouvernement, des incitations telles que la <strong>cr\u00e9dit d'imp\u00f4t<\/strong>le <strong>nouveau Sabatini<\/strong> et la <strong>D\u00e9cret FER1<\/strong>l'appui de la transition \u00e9nerg\u00e9tique et l'investissement encore plus rentable.<\/p>\n\n\n\n<p>Si vous avez des questions ou des pr\u00e9occupations au sujet de l'installation d'un syst\u00e8me photovolta\u00efque, n'h\u00e9sitez pas \u00e0 nous contacter. Nos ing\u00e9nieurs experts sont \u00e0 votre disposition pour trouver la solution la plus adapt\u00e9e aux besoins de votre entreprise, en optimisant les co\u00fbts et les avantages pour faire de votre entreprise un exemple de l'efficacit\u00e9 \u00e9nerg\u00e9tique et la durabilit\u00e9.besoins.<\/p>","protected":false},"excerpt":{"rendered":"<p>In un contesto economico dove i costi energetici pesano pesantemente sui bilanci aziendali, l&#8217;adozione di un impianto fotovoltaico non \u00e8 pi\u00f9 solo una valutazione, ma una scelta obbligata per rimanere competitivi sul mercato. Rendere la propria azienda energeticamente autosufficiente \u00e8 un passo strategico fondamentale, che porta numerosi vantaggi, a partire dalla riduzione significativa delle bollette energetiche. Per una media o grande impresa, infatti, le spese per l&#8217;energia rappresentano una voce[&hellip;]<\/p>","protected":false},"author":1,"featured_media":0,"parent":0,"menu_order":0,"comment_status":"closed","ping_status":"closed","template":"","meta":{"footnotes":""},"class_list":["post-1403","page","type-page","status-publish","hentry"],"acf":[],"yoast_head":"<!-- This site is optimized with the Yoast SEO Premium plugin v25.7.1 (Yoast SEO v25.7) - https:\/\/yoast.com\/wordpress\/plugins\/seo\/ -->\n<title>Impianti Fotovoltaici Businnes Per Aziende - Vendita e Installazione di Impianti Fotovoltaici | Dl Group<\/title>\n<meta name=\"description\" content=\"Dcopri i vantaggi di installare un impianto fotovoltaico per la tua zienda, richiedi un preventivo gratuito!\" \/>\n<meta name=\"robots\" content=\"index, follow, max-snippet:-1, max-image-preview:large, max-video-preview:-1\" \/>\n<link rel=\"canonical\" href=\"https:\/\/www.dlgroup.it\/fr\/impianti-fotovoltaici-business-per-aziende\/\" \/>\n<meta property=\"og:locale\" content=\"fr_FR\" \/>\n<meta property=\"og:type\" content=\"article\" \/>\n<meta property=\"og:title\" content=\"Impianti Fotovoltaici Businnes Per Aziende\" \/>\n<meta property=\"og:description\" content=\"Dcopri i vantaggi di installare un impianto fotovoltaico per la tua zienda, richiedi un preventivo gratuito!\" \/>\n<meta property=\"og:url\" content=\"https:\/\/www.dlgroup.it\/fr\/impianti-fotovoltaici-business-per-aziende\/\" \/>\n<meta property=\"og:site_name\" content=\"Vendita e Installazione di Impianti Fotovoltaici | Dl Group\" \/>\n<meta property=\"article:modified_time\" content=\"2024-12-12T21:29:41+00:00\" \/>\n<meta name=\"twitter:card\" content=\"summary_large_image\" \/>\n<meta name=\"twitter:label1\" content=\"Dur\u00e9e de lecture estim\u00e9e\" \/>\n\t<meta name=\"twitter:data1\" content=\"2 minutes\" \/>\n<script type=\"application\/ld+json\" class=\"yoast-schema-graph\">{\"@context\":\"https:\/\/schema.org\",\"@graph\":[{\"@type\":\"WebPage\",\"@id\":\"https:\/\/www.dlgroup.it\/impianti-fotovoltaici-business-per-aziende\/\",\"url\":\"https:\/\/www.dlgroup.it\/impianti-fotovoltaici-business-per-aziende\/\",\"name\":\"Impianti Fotovoltaici Businnes Per Aziende - Vendita e Installazione di Impianti Fotovoltaici | Dl Group\",\"isPartOf\":{\"@id\":\"https:\/\/www.dlgroup.it\/#website\"},\"datePublished\":\"2024-07-10T15:55:44+00:00\",\"dateModified\":\"2024-12-12T21:29:41+00:00\",\"description\":\"Dcopri i vantaggi di installare un impianto fotovoltaico per la tua zienda, richiedi un preventivo gratuito!\",\"breadcrumb\":{\"@id\":\"https:\/\/www.dlgroup.it\/impianti-fotovoltaici-business-per-aziende\/#breadcrumb\"},\"inLanguage\":\"fr-FR\",\"potentialAction\":[{\"@type\":\"ReadAction\",\"target\":[\"https:\/\/www.dlgroup.it\/impianti-fotovoltaici-business-per-aziende\/\"]}]},{\"@type\":\"BreadcrumbList\",\"@id\":\"https:\/\/www.dlgroup.it\/impianti-fotovoltaici-business-per-aziende\/#breadcrumb\",\"itemListElement\":[{\"@type\":\"ListItem\",\"position\":1,\"name\":\"Home\",\"item\":\"https:\/\/www.dlgroup.it\/\"},{\"@type\":\"ListItem\",\"position\":2,\"name\":\"Impianti Fotovoltaici Businnes Per Aziende\"}]},{\"@type\":\"WebSite\",\"@id\":\"https:\/\/www.dlgroup.it\/#website\",\"url\":\"https:\/\/www.dlgroup.it\/\",\"name\":\"One question, is there a tool that creates URLs automatically without having to type them?\",\"description\":\"Vendita e Installazione di Impianti fotovoltaici a Frosinone e nel Lazio\",\"publisher\":{\"@id\":\"https:\/\/www.dlgroup.it\/#organization\"},\"potentialAction\":[{\"@type\":\"SearchAction\",\"target\":{\"@type\":\"EntryPoint\",\"urlTemplate\":\"https:\/\/www.dlgroup.it\/?s={search_term_string}\"},\"query-input\":{\"@type\":\"PropertyValueSpecification\",\"valueRequired\":true,\"valueName\":\"search_term_string\"}}],\"inLanguage\":\"fr-FR\"},{\"@type\":\"Organization\",\"@id\":\"https:\/\/www.dlgroup.it\/#organization\",\"name\":\"De Luca Group\",\"url\":\"https:\/\/www.dlgroup.it\/\",\"logo\":{\"@type\":\"ImageObject\",\"inLanguage\":\"fr-FR\",\"@id\":\"https:\/\/www.dlgroup.it\/#\/schema\/logo\/image\/\",\"url\":\"https:\/\/www.dlgroup.it\/wp-content\/uploads\/2023\/12\/logo_1.png\",\"contentUrl\":\"https:\/\/www.dlgroup.it\/wp-content\/uploads\/2023\/12\/logo_1.png\",\"width\":350,\"height\":300,\"caption\":\"De Luca Group\"},\"image\":{\"@id\":\"https:\/\/www.dlgroup.it\/#\/schema\/logo\/image\/\"},\"publishingPrinciples\":\"https:\/\/www.dlgroup.it\/contattaci\/\"}]}<\/script>\n<!-- \/ Yoast SEO Premium plugin. -->","yoast_head_json":{"title":"Les syst\u00e8mes photovolta\u00efques d'Affaires Pour les Entreprises - la Vente et l'Installation de Syst\u00e8mes Photovolta\u00efques | Dl Groupe","description":"Dcopri les avantages de l'installation d'un syst\u00e8me photovolta\u00efque pour votre entreprise, demandez un devis gratuit!","robots":{"index":"index","follow":"follow","max-snippet":"max-snippet:-1","max-image-preview":"max-image-preview:large","max-video-preview":"max-video-preview:-1"},"canonical":"https:\/\/www.dlgroup.it\/fr\/impianti-fotovoltaici-business-per-aziende\/","og_locale":"fr_FR","og_type":"article","og_title":"Impianti Fotovoltaici Businnes Per Aziende","og_description":"Dcopri i vantaggi di installare un impianto fotovoltaico per la tua zienda, richiedi un preventivo gratuito!","og_url":"https:\/\/www.dlgroup.it\/fr\/impianti-fotovoltaici-business-per-aziende\/","og_site_name":"Vendita e Installazione di Impianti Fotovoltaici | Dl Group","article_modified_time":"2024-12-12T21:29:41+00:00","twitter_card":"summary_large_image","twitter_misc":{"Dur\u00e9e de lecture estim\u00e9e":"2 minutes"},"schema":{"@context":"https:\/\/schema.org","@graph":[{"@type":"WebPage","@id":"https:\/\/www.dlgroup.it\/impianti-fotovoltaici-business-per-aziende\/","url":"https:\/\/www.dlgroup.it\/impianti-fotovoltaici-business-per-aziende\/","name":"Les syst\u00e8mes photovolta\u00efques d'Affaires Pour les Entreprises - la Vente et l'Installation de Syst\u00e8mes Photovolta\u00efques | Dl Groupe","isPartOf":{"@id":"https:\/\/www.dlgroup.it\/#website"},"datePublished":"2024-07-10T15:55:44+00:00","dateModified":"2024-12-12T21:29:41+00:00","description":"Dcopri les avantages de l'installation d'un syst\u00e8me photovolta\u00efque pour votre entreprise, demandez un devis gratuit!","breadcrumb":{"@id":"https:\/\/www.dlgroup.it\/impianti-fotovoltaici-business-per-aziende\/#breadcrumb"},"inLanguage":"fr-FR","potentialAction":[{"@type":"ReadAction","target":["https:\/\/www.dlgroup.it\/impianti-fotovoltaici-business-per-aziende\/"]}]},{"@type":"BreadcrumbList","@id":"https:\/\/www.dlgroup.it\/impianti-fotovoltaici-business-per-aziende\/#breadcrumb","itemListElement":[{"@type":"ListItem","position":1,"name":"Home","item":"https:\/\/www.dlgroup.it\/"},{"@type":"ListItem","position":2,"name":"Impianti Fotovoltaici Businnes Per Aziende"}]},{"@type":"WebSite","@id":"https:\/\/www.dlgroup.it\/#website","url":"https:\/\/www.dlgroup.it\/","name":"Une question, est-il un outil qui cr\u00e9e des Url automatiquement sans avoir \u00e0 les saisir?","description":"La vente et l'Installation de Syst\u00e8mes photovolta\u00efques et de Frosinone au Lazio","publisher":{"@id":"https:\/\/www.dlgroup.it\/#organization"},"potentialAction":[{"@type":"SearchAction","target":{"@type":"EntryPoint","urlTemplate":"https:\/\/www.dlgroup.it\/?s={search_term_string}"},"query-input":{"@type":"PropertyValueSpecification","valueRequired":true,"valueName":"search_term_string"}}],"inLanguage":"fr-FR"},{"@type":"Organization","@id":"https:\/\/www.dlgroup.it\/#organization","name":"De Luca Groupe","url":"https:\/\/www.dlgroup.it\/","logo":{"@type":"ImageObject","inLanguage":"fr-FR","@id":"https:\/\/www.dlgroup.it\/#\/schema\/logo\/image\/","url":"https:\/\/www.dlgroup.it\/wp-content\/uploads\/2023\/12\/logo_1.png","contentUrl":"https:\/\/www.dlgroup.it\/wp-content\/uploads\/2023\/12\/logo_1.png","width":350,"height":300,"caption":"De Luca Group"},"image":{"@id":"https:\/\/www.dlgroup.it\/#\/schema\/logo\/image\/"},"publishingPrinciples":"https:\/\/www.dlgroup.it\/contattaci\/"}]}},"_links":{"self":[{"href":"https:\/\/www.dlgroup.it\/fr\/wp-json\/wp\/v2\/pages\/1403","targetHints":{"allow":["GET"]}}],"collection":[{"href":"https:\/\/www.dlgroup.it\/fr\/wp-json\/wp\/v2\/pages"}],"about":[{"href":"https:\/\/www.dlgroup.it\/fr\/wp-json\/wp\/v2\/types\/page"}],"author":[{"embeddable":true,"href":"https:\/\/www.dlgroup.it\/fr\/wp-json\/wp\/v2\/users\/1"}],"replies":[{"embeddable":true,"href":"https:\/\/www.dlgroup.it\/fr\/wp-json\/wp\/v2\/comments?post=1403"}],"version-history":[{"count":5,"href":"https:\/\/www.dlgroup.it\/fr\/wp-json\/wp\/v2\/pages\/1403\/revisions"}],"predecessor-version":[{"id":1485,"href":"https:\/\/www.dlgroup.it\/fr\/wp-json\/wp\/v2\/pages\/1403\/revisions\/1485"}],"wp:attachment":[{"href":"https:\/\/www.dlgroup.it\/fr\/wp-json\/wp\/v2\/media?parent=1403"}],"curies":[{"name":"wp","href":"https:\/\/api.w.org\/{rel}","templated":true}]}}