{"id":1364,"date":"2024-07-02T13:50:27","date_gmt":"2024-07-02T13:50:27","guid":{"rendered":"https:\/\/www.dlgroup.it\/?page_id=1364"},"modified":"2024-12-12T21:25:39","modified_gmt":"2024-12-12T21:25:39","slug":"soluzioni-per-impianti-fotovoltaici","status":"publish","type":"page","link":"https:\/\/www.dlgroup.it\/fr\/soluzioni-per-impianti-fotovoltaici\/","title":{"rendered":"Solutions pour l'installation de Syst\u00e8mes Photovolta\u00efques"},"content":{"rendered":"<p>L'installation de panneaux solaires n\u00e9cessite des techniques diff\u00e9rentes en fonction des caract\u00e9ristiques de la toiture et les besoins sp\u00e9cifiques du projet. Le principal mode de l'attachement aux syst\u00e8mes pv sont: <strong>fixation avec chiodoni<\/strong>, <strong>pose avec ballast<\/strong> et <strong>supports de montage grenier<\/strong>. Chaque technique a ses propres avantages selon le type de surface et les conditions environnementales. De Luca Group Srl propose \u00e9galement la cr\u00e9ation de <strong>structures m\u00e9talliques personnalis\u00e9s<\/strong> pour mesurer, mesure de r\u00e9pondre \u00e0 toute exigence sp\u00e9cifique.<\/p>\n\n\n\n<h3 class=\"wp-block-heading\">Fixation avec Chiodoni<\/h3>\n\n\n\n<p>Fixation avec un chiodoni est la technique la plus courante pour l'installation de syst\u00e8mes photovolta\u00efques sur les toits, \u00e0 la fois de bois et de ciment. Dans cette m\u00e9thode, le point d'ancrage des panneaux solaires \u00e0 l'aide de clous sp\u00e9cial, appel\u00e9 \u201cchiodoni\u201d, qui sont sem\u00e9es directement dans le mat\u00e9riau de la toiture. Le processus d'installation se d\u00e9roule de la mani\u00e8re suivante:<\/p>\n\n\n\n<ol class=\"wp-block-list\">\n<li><strong>Le forage des carreaux<\/strong>technique de percer un trou \u00e0 travers les carreaux, avec la chiodone.<\/li>\n\n\n\n<li><strong>Ancre<\/strong>: le chiodone se glisse dans le b\u00e9ton ou le bois des poutres, en fonction de la structure du toit.<\/li>\n\n\n\n<li><strong>D'\u00e9tanch\u00e9it\u00e9<\/strong>l'ouverture est scell\u00e9 avec un <strong>gaine liquide bidibunosa<\/strong>alors qu'un \u0153illet \u00e0 la pointe de la chiodone assure une \u00e9tanch\u00e9it\u00e9 herm\u00e9tique, ce qui emp\u00eache toute fuite d'eau ou \u00e0 l'humidit\u00e9.<\/li>\n<\/ol>\n\n\n\n<p>Cette technique est id\u00e9ale pour les toits en pente et assure une bonne \u00e9tanch\u00e9it\u00e9 et la stabilit\u00e9 dans le temps, la pr\u00e9vention des probl\u00e8mes li\u00e9s \u00e0 la m\u00e9t\u00e9o.<\/p>\n\n\n\n<h3 class=\"wp-block-heading\">Fixation avec des Poids<\/h3>\n\n\n\n<p>Fixation avec un ballast est principalement utilis\u00e9 <strong>les toits plats<\/strong> les surfaces horizontales, comme les terrasses ou sur les toits de b\u00e2timents industriels, o\u00f9 il n'est pas possible de percer des trous dans la structure. Dans ce cas, les panneaux solaires sont <strong>pos\u00e9e directement sur le sol<\/strong>et la stabilit\u00e9 est garantie par la <strong>lest en b\u00e9ton<\/strong>. Les caract\u00e9ristiques de ce type de montage sont les suivantes:<\/p>\n\n\n\n<ol class=\"wp-block-list\">\n<li><strong>Ballasts<\/strong>: ballasts, qui peuvent \u00eatre de diff\u00e9rents poids et tailles, sont plac\u00e9s \u00e0 la stabilisation des panneaux.<\/li>\n\n\n\n<li><strong>Adaptabilit\u00e9<\/strong>le poids du ballast est calcul\u00e9e en fonction du projet sp\u00e9cifique, en tenant compte de la r\u00e9sistance au vent et des conditions climatiques de l'endroit.<\/li>\n<\/ol>\n\n\n\n<p>Cette technique est particuli\u00e8rement utile dans les situations o\u00f9 le toit ne peut \u00eatre modifi\u00e9 ou perfor\u00e9, comme dans certains b\u00e2timents d'int\u00e9r\u00eat historique ou lorsque le toit est particuli\u00e8rement sensible au stress.<\/p>\n\n\n\n<h3 class=\"wp-block-heading\">Supports De Montage Grenier<\/h3>\n\n\n\n<p>L' <strong>supports de montage grenier<\/strong> c'est un syst\u00e8me d'arrimage utilis\u00e9 pour des structures de <strong>l'aluminium<\/strong>. Dans ce cas, les crochets sont fix\u00e9s directement <strong>sous la dalle,<\/strong> par <strong>chevilles ou des vis<\/strong>selon le type de surface et de la configuration de la toiture. Les principales caract\u00e9ristiques de cette technique sont:<\/p>\n\n\n\n<ol class=\"wp-block-list\">\n<li><strong>Mouillage s\u00fbr<\/strong>: les supports sont solidement fix\u00e9s sous la dalle, ce qui permet une installation stable et s\u00e9curis\u00e9.<\/li>\n\n\n\n<li><strong>Compatibilit\u00e9<\/strong>: ce syst\u00e8me n'est compatible qu'avec certains types de tuiles, et n\u00e9cessite une pr\u00e9-\u00e9valuation afin de v\u00e9rifier leur pertinence.<\/li>\n\n\n\n<li><strong>Esth\u00e9tique<\/strong>la structure est cach\u00e9 sous les tuiles, pour une installation de moins en moins visibles et donc plus discret, esth\u00e9tique.<\/li>\n<\/ol>\n\n\n\n<p>Cette technique est id\u00e9ale lorsque vous voulez une installation solide et en m\u00eame temps invisible, en particulier dans des zones r\u00e9sidentielles ou dans des b\u00e2timents o\u00f9 vous essayez de ne pas modifier l'aspect esth\u00e9tique de la toiture.<\/p>\n\n\n\n<h3 class=\"wp-block-heading\">De structures m\u00e9talliques sur mesure<\/h3>\n\n\n\n<p>De Luca Group Srl offre \u00e9galement la possibilit\u00e9 de r\u00e9aliser <strong>structures m\u00e9talliques personnalis\u00e9s<\/strong> pour les syst\u00e8mes photovolta\u00efques, adaptable \u00e0 tout type de surface ou de besoin. Les structures sont con\u00e7ues pour assurer un maximum de <strong>l'efficacit\u00e9, la r\u00e9sistance et la durabilit\u00e9<\/strong> des syst\u00e8mes, en tenant compte de facteurs comme l'emplacement g\u00e9ographique, le type de toit, et les lois et r\u00e8glements locaux. La personnalisation vous permet d'obtenir une solution parfaite pour chaque type d'installation, soit \u00e0 usage r\u00e9sidentiel ou industriel.<\/p>\n\n\n\n<p>En r\u00e9sum\u00e9, le choix de la technique d\u00e9pend des caract\u00e9ristiques de la toiture, de l'esth\u00e9tique, les pr\u00e9f\u00e9rences et les besoins sp\u00e9cifiques du projet. Avec de l'exp\u00e9rience et de l'innovation, de De Luca Group Srl, il est possible d'obtenir des syst\u00e8mes photovolta\u00efques s\u00fbr, efficace et de longue dur\u00e9e.<\/p>","protected":false},"excerpt":{"rendered":"<p>L\u2019installazione di pannelli solari richiede diverse tecniche a seconda delle caratteristiche del tetto e delle specifiche esigenze del progetto. Le principali modalit\u00e0 di fissaggio per i sistemi fotovoltaici sono: fissaggio con chiodoni, posa con zavorre e fissaggio con staffe sottotegola. Ogni tecnica ha i propri vantaggi in base alla tipologia di superficie e alle condizioni ambientali. De Luca Group S.r.l. offre anche la realizzazione di strutture metalliche personalizzate su misura,[&hellip;]<\/p>","protected":false},"author":1,"featured_media":0,"parent":0,"menu_order":0,"comment_status":"closed","ping_status":"closed","template":"","meta":{"footnotes":""},"class_list":["post-1364","page","type-page","status-publish","hentry"],"acf":[],"yoast_head":"<!-- This site is optimized with the Yoast SEO Premium plugin v25.7.1 (Yoast SEO v25.7) - https:\/\/yoast.com\/wordpress\/plugins\/seo\/ -->\n<title>Soluzioni per installazione di Impianti Fotovoltaici - Vendita e Installazione di Impianti Fotovoltaici | Dl Group<\/title>\n<meta name=\"description\" content=\"Scopri la soluzione migliore per l&#039;installazione del tuo impianto fotovoltaico, DE LUCA GROUP - Installazione impianti fotovoltaici frosinone\" \/>\n<meta name=\"robots\" content=\"index, follow, max-snippet:-1, max-image-preview:large, max-video-preview:-1\" \/>\n<link rel=\"canonical\" href=\"https:\/\/www.dlgroup.it\/fr\/soluzioni-per-impianti-fotovoltaici\/\" \/>\n<meta property=\"og:locale\" content=\"fr_FR\" \/>\n<meta property=\"og:type\" content=\"article\" \/>\n<meta property=\"og:title\" content=\"Soluzioni per installazione di Impianti Fotovoltaici\" \/>\n<meta property=\"og:description\" content=\"Scopri la soluzione migliore per l&#039;installazione del tuo impianto fotovoltaico, DE LUCA GROUP - Installazione impianti fotovoltaici frosinone\" \/>\n<meta property=\"og:url\" content=\"https:\/\/www.dlgroup.it\/fr\/soluzioni-per-impianti-fotovoltaici\/\" \/>\n<meta property=\"og:site_name\" content=\"Vendita e Installazione di Impianti Fotovoltaici | Dl Group\" \/>\n<meta property=\"article:modified_time\" content=\"2024-12-12T21:25:39+00:00\" \/>\n<meta name=\"twitter:card\" content=\"summary_large_image\" \/>\n<meta name=\"twitter:label1\" content=\"Dur\u00e9e de lecture estim\u00e9e\" \/>\n\t<meta name=\"twitter:data1\" content=\"4 minutes\" \/>\n<script type=\"application\/ld+json\" class=\"yoast-schema-graph\">{\"@context\":\"https:\/\/schema.org\",\"@graph\":[{\"@type\":\"WebPage\",\"@id\":\"https:\/\/www.dlgroup.it\/soluzioni-per-impianti-fotovoltaici\/\",\"url\":\"https:\/\/www.dlgroup.it\/soluzioni-per-impianti-fotovoltaici\/\",\"name\":\"Soluzioni per installazione di Impianti Fotovoltaici - Vendita e Installazione di Impianti Fotovoltaici | Dl Group\",\"isPartOf\":{\"@id\":\"https:\/\/www.dlgroup.it\/#website\"},\"datePublished\":\"2024-07-02T13:50:27+00:00\",\"dateModified\":\"2024-12-12T21:25:39+00:00\",\"description\":\"Scopri la soluzione migliore per l'installazione del tuo impianto fotovoltaico, DE LUCA GROUP - Installazione impianti fotovoltaici frosinone\",\"breadcrumb\":{\"@id\":\"https:\/\/www.dlgroup.it\/soluzioni-per-impianti-fotovoltaici\/#breadcrumb\"},\"inLanguage\":\"fr-FR\",\"potentialAction\":[{\"@type\":\"ReadAction\",\"target\":[\"https:\/\/www.dlgroup.it\/soluzioni-per-impianti-fotovoltaici\/\"]}]},{\"@type\":\"BreadcrumbList\",\"@id\":\"https:\/\/www.dlgroup.it\/soluzioni-per-impianti-fotovoltaici\/#breadcrumb\",\"itemListElement\":[{\"@type\":\"ListItem\",\"position\":1,\"name\":\"Home\",\"item\":\"https:\/\/www.dlgroup.it\/\"},{\"@type\":\"ListItem\",\"position\":2,\"name\":\"Soluzioni per installazione di Impianti Fotovoltaici\"}]},{\"@type\":\"WebSite\",\"@id\":\"https:\/\/www.dlgroup.it\/#website\",\"url\":\"https:\/\/www.dlgroup.it\/\",\"name\":\"One question, is there a tool that creates URLs automatically without having to type them?\",\"description\":\"Vendita e Installazione di Impianti fotovoltaici a Frosinone e nel Lazio\",\"publisher\":{\"@id\":\"https:\/\/www.dlgroup.it\/#organization\"},\"potentialAction\":[{\"@type\":\"SearchAction\",\"target\":{\"@type\":\"EntryPoint\",\"urlTemplate\":\"https:\/\/www.dlgroup.it\/?s={search_term_string}\"},\"query-input\":{\"@type\":\"PropertyValueSpecification\",\"valueRequired\":true,\"valueName\":\"search_term_string\"}}],\"inLanguage\":\"fr-FR\"},{\"@type\":\"Organization\",\"@id\":\"https:\/\/www.dlgroup.it\/#organization\",\"name\":\"De Luca Group\",\"url\":\"https:\/\/www.dlgroup.it\/\",\"logo\":{\"@type\":\"ImageObject\",\"inLanguage\":\"fr-FR\",\"@id\":\"https:\/\/www.dlgroup.it\/#\/schema\/logo\/image\/\",\"url\":\"https:\/\/www.dlgroup.it\/wp-content\/uploads\/2023\/12\/logo_1.png\",\"contentUrl\":\"https:\/\/www.dlgroup.it\/wp-content\/uploads\/2023\/12\/logo_1.png\",\"width\":350,\"height\":300,\"caption\":\"De Luca Group\"},\"image\":{\"@id\":\"https:\/\/www.dlgroup.it\/#\/schema\/logo\/image\/\"},\"publishingPrinciples\":\"https:\/\/www.dlgroup.it\/contattaci\/\"}]}<\/script>\n<!-- \/ Yoast SEO Premium plugin. -->","yoast_head_json":{"title":"Solutions pour l'installation de Syst\u00e8mes Photovolta\u00efques - la Vente et l'Installation de Syst\u00e8mes Photovolta\u00efques | Dl Groupe","description":"Trouver la meilleure solution pour l'installation de votre syst\u00e8me pv, DE LUCA GROUPE - l'Installation de syst\u00e8mes photovolta\u00efques \u00e0 frosinone","robots":{"index":"index","follow":"follow","max-snippet":"max-snippet:-1","max-image-preview":"max-image-preview:large","max-video-preview":"max-video-preview:-1"},"canonical":"https:\/\/www.dlgroup.it\/fr\/soluzioni-per-impianti-fotovoltaici\/","og_locale":"fr_FR","og_type":"article","og_title":"Soluzioni per installazione di Impianti Fotovoltaici","og_description":"Scopri la soluzione migliore per l'installazione del tuo impianto fotovoltaico, DE LUCA GROUP - Installazione impianti fotovoltaici frosinone","og_url":"https:\/\/www.dlgroup.it\/fr\/soluzioni-per-impianti-fotovoltaici\/","og_site_name":"Vendita e Installazione di Impianti Fotovoltaici | Dl Group","article_modified_time":"2024-12-12T21:25:39+00:00","twitter_card":"summary_large_image","twitter_misc":{"Dur\u00e9e de lecture estim\u00e9e":"4 minutes"},"schema":{"@context":"https:\/\/schema.org","@graph":[{"@type":"WebPage","@id":"https:\/\/www.dlgroup.it\/soluzioni-per-impianti-fotovoltaici\/","url":"https:\/\/www.dlgroup.it\/soluzioni-per-impianti-fotovoltaici\/","name":"Solutions pour l'installation de Syst\u00e8mes Photovolta\u00efques - la Vente et l'Installation de Syst\u00e8mes Photovolta\u00efques | Dl Groupe","isPartOf":{"@id":"https:\/\/www.dlgroup.it\/#website"},"datePublished":"2024-07-02T13:50:27+00:00","dateModified":"2024-12-12T21:25:39+00:00","description":"Trouver la meilleure solution pour l'installation de votre syst\u00e8me pv, DE LUCA GROUPE - l'Installation de syst\u00e8mes photovolta\u00efques \u00e0 frosinone","breadcrumb":{"@id":"https:\/\/www.dlgroup.it\/soluzioni-per-impianti-fotovoltaici\/#breadcrumb"},"inLanguage":"fr-FR","potentialAction":[{"@type":"ReadAction","target":["https:\/\/www.dlgroup.it\/soluzioni-per-impianti-fotovoltaici\/"]}]},{"@type":"BreadcrumbList","@id":"https:\/\/www.dlgroup.it\/soluzioni-per-impianti-fotovoltaici\/#breadcrumb","itemListElement":[{"@type":"ListItem","position":1,"name":"Home","item":"https:\/\/www.dlgroup.it\/"},{"@type":"ListItem","position":2,"name":"Soluzioni per installazione di Impianti Fotovoltaici"}]},{"@type":"WebSite","@id":"https:\/\/www.dlgroup.it\/#website","url":"https:\/\/www.dlgroup.it\/","name":"Une question, est-il un outil qui cr\u00e9e des Url automatiquement sans avoir \u00e0 les saisir?","description":"La vente et l'Installation de Syst\u00e8mes photovolta\u00efques et de Frosinone au Lazio","publisher":{"@id":"https:\/\/www.dlgroup.it\/#organization"},"potentialAction":[{"@type":"SearchAction","target":{"@type":"EntryPoint","urlTemplate":"https:\/\/www.dlgroup.it\/?s={search_term_string}"},"query-input":{"@type":"PropertyValueSpecification","valueRequired":true,"valueName":"search_term_string"}}],"inLanguage":"fr-FR"},{"@type":"Organization","@id":"https:\/\/www.dlgroup.it\/#organization","name":"De Luca Groupe","url":"https:\/\/www.dlgroup.it\/","logo":{"@type":"ImageObject","inLanguage":"fr-FR","@id":"https:\/\/www.dlgroup.it\/#\/schema\/logo\/image\/","url":"https:\/\/www.dlgroup.it\/wp-content\/uploads\/2023\/12\/logo_1.png","contentUrl":"https:\/\/www.dlgroup.it\/wp-content\/uploads\/2023\/12\/logo_1.png","width":350,"height":300,"caption":"De Luca Group"},"image":{"@id":"https:\/\/www.dlgroup.it\/#\/schema\/logo\/image\/"},"publishingPrinciples":"https:\/\/www.dlgroup.it\/contattaci\/"}]}},"_links":{"self":[{"href":"https:\/\/www.dlgroup.it\/fr\/wp-json\/wp\/v2\/pages\/1364","targetHints":{"allow":["GET"]}}],"collection":[{"href":"https:\/\/www.dlgroup.it\/fr\/wp-json\/wp\/v2\/pages"}],"about":[{"href":"https:\/\/www.dlgroup.it\/fr\/wp-json\/wp\/v2\/types\/page"}],"author":[{"embeddable":true,"href":"https:\/\/www.dlgroup.it\/fr\/wp-json\/wp\/v2\/users\/1"}],"replies":[{"embeddable":true,"href":"https:\/\/www.dlgroup.it\/fr\/wp-json\/wp\/v2\/comments?post=1364"}],"version-history":[{"count":5,"href":"https:\/\/www.dlgroup.it\/fr\/wp-json\/wp\/v2\/pages\/1364\/revisions"}],"predecessor-version":[{"id":1484,"href":"https:\/\/www.dlgroup.it\/fr\/wp-json\/wp\/v2\/pages\/1364\/revisions\/1484"}],"wp:attachment":[{"href":"https:\/\/www.dlgroup.it\/fr\/wp-json\/wp\/v2\/media?parent=1364"}],"curies":[{"name":"wp","href":"https:\/\/api.w.org\/{rel}","templated":true}]}}