{"id":1300,"date":"2024-06-29T19:23:01","date_gmt":"2024-06-29T19:23:01","guid":{"rendered":"https:\/\/www.dlgroup.it\/?page_id=1300"},"modified":"2024-06-29T19:23:04","modified_gmt":"2024-06-29T19:23:04","slug":"systemes-photovoltaiques-pour-les-particuliers","status":"publish","type":"page","link":"https:\/\/www.dlgroup.it\/fr\/systemes-photovoltaiques-pour-les-particuliers\/","title":{"rendered":"Syst\u00e8me photovolta\u00efque pour les maisons priv\u00e9es"},"content":{"rendered":"<p class=\"translation-block\">L'installation de<strong>syst\u00e8mes photovolta\u00efques pour les maisons<\/strong> ou les immeubles d'habitation est un excellent investissement pour l'avenir. L'investissement initial sera rembours\u00e9 \u00e0 court terme et vous conduira vers l'ind\u00e9pendance \u00e9nerg\u00e9tique <strong>et r\u00e9duira vos factures d'\u00e9lectricit\u00e9 jusqu'\u00e0 100%<\/strong>.<\/p>\n\n\n\n<p>Une fois le syst\u00e8me photovolta\u00efque install\u00e9, vous commencerez imm\u00e9diatement \u00e0 utiliser le soleil comme seule source d'\u00e9nergie, r\u00e9duisant ainsi \u00e0 z\u00e9ro l'utilisation de sources d'\u00e9nergie non propres.<\/p>\n\n\n\n<h2 class=\"wp-block-heading\"><strong>Avantages des installations photovolta\u00efques domestiques.<\/strong><\/h2>\n\n\n\n<p>Les avantages d'un syst\u00e8me solaire domestique sont, tout d'abord, la r\u00e9duction des factures d'\u00e9lectricit\u00e9 et, surtout, l'am\u00e9lioration de la qualit\u00e9 de l'air. <strong>vous produirez de l'\u00e9nergie propre \u00e0 100%<\/strong>.<\/p>\n\n\n\n<p>En outre, si vous r\u00e9novez votre logement, vous pouvez acc\u00e9der \u00e0 <strong>Remises 50% avec remise imm\u00e9diate sur facture ou d\u00e9duction fiscale.<\/strong><\/p>\n\n\n\n<p><strong>Ecobonus<\/strong>, Le bonus Ecobonus n\u00e9cessite toutefois d'autres interventions en plus de l'\u00e9nergie photovolta\u00efque.<\/p>","protected":false},"excerpt":{"rendered":"<p>L&#8217;installazione di impianti fotovoltaici per abitazioni o condomini sono un ottimo infestimento per il futuro. L&#8217;investimento iniziale verr\u00e0 ripagato in breve termine e vi porter\u00e0 verso l&#8217;indipendenza energetica riducendo inoltre le bollette fino al 100%. Una volta installato l&#8217;impianto fotovoltaico inizierete da subito a sfruttare il sole come unica fonte di energia riducendo a zero l&#8217;utilizzo di fonti di energia non pulita. Benefici Impianto Fotovoltaico Domestico. I benifici per quanto[&hellip;]<\/p>","protected":false},"author":1,"featured_media":0,"parent":0,"menu_order":0,"comment_status":"closed","ping_status":"closed","template":"","meta":{"footnotes":""},"class_list":["post-1300","page","type-page","status-publish","hentry"],"acf":[],"yoast_head":"<!-- This site is optimized with the Yoast SEO Premium plugin v25.7.1 (Yoast SEO v25.7) - https:\/\/yoast.com\/wordpress\/plugins\/seo\/ -->\n<title>Impianto fotovoltaico per abitazioni private - Vendita e Installazione di Impianti Fotovoltaici | Dl Group<\/title>\n<meta name=\"description\" content=\"Accedi agli EcoBonus per impianti fotovoltaici per abitazioni private, scegli la DE LUCA GROUP per l&#039;installazione di pannelli solari fotovoltaici\" \/>\n<meta name=\"robots\" content=\"index, follow, max-snippet:-1, max-image-preview:large, max-video-preview:-1\" \/>\n<link rel=\"canonical\" href=\"https:\/\/www.dlgroup.it\/fr\/systemes-photovoltaiques-pour-les-particuliers\/\" \/>\n<meta property=\"og:locale\" content=\"fr_FR\" \/>\n<meta property=\"og:type\" content=\"article\" \/>\n<meta property=\"og:title\" content=\"Impianto fotovoltaico per abitazioni private\" \/>\n<meta property=\"og:description\" content=\"Accedi agli EcoBonus per impianti fotovoltaici per abitazioni private, scegli la DE LUCA GROUP per l&#039;installazione di pannelli solari fotovoltaici\" \/>\n<meta property=\"og:url\" content=\"https:\/\/www.dlgroup.it\/fr\/systemes-photovoltaiques-pour-les-particuliers\/\" \/>\n<meta property=\"og:site_name\" content=\"Vendita e Installazione di Impianti Fotovoltaici | Dl Group\" \/>\n<meta property=\"article:modified_time\" content=\"2024-06-29T19:23:04+00:00\" \/>\n<meta name=\"twitter:card\" content=\"summary_large_image\" \/>\n<meta name=\"twitter:label1\" content=\"Dur\u00e9e de lecture estim\u00e9e\" \/>\n\t<meta name=\"twitter:data1\" content=\"1 minute\" \/>\n<script type=\"application\/ld+json\" class=\"yoast-schema-graph\">{\"@context\":\"https:\/\/schema.org\",\"@graph\":[{\"@type\":\"WebPage\",\"@id\":\"https:\/\/www.dlgroup.it\/impianti-fotovoltaici-per-abitazioni-private\/\",\"url\":\"https:\/\/www.dlgroup.it\/impianti-fotovoltaici-per-abitazioni-private\/\",\"name\":\"Impianto fotovoltaico per abitazioni private - Vendita e Installazione di Impianti Fotovoltaici | Dl Group\",\"isPartOf\":{\"@id\":\"https:\/\/www.dlgroup.it\/#website\"},\"datePublished\":\"2024-06-29T19:23:01+00:00\",\"dateModified\":\"2024-06-29T19:23:04+00:00\",\"description\":\"Accedi agli EcoBonus per impianti fotovoltaici per abitazioni private, scegli la DE LUCA GROUP per l'installazione di pannelli solari fotovoltaici\",\"breadcrumb\":{\"@id\":\"https:\/\/www.dlgroup.it\/impianti-fotovoltaici-per-abitazioni-private\/#breadcrumb\"},\"inLanguage\":\"fr-FR\",\"potentialAction\":[{\"@type\":\"ReadAction\",\"target\":[\"https:\/\/www.dlgroup.it\/impianti-fotovoltaici-per-abitazioni-private\/\"]}]},{\"@type\":\"BreadcrumbList\",\"@id\":\"https:\/\/www.dlgroup.it\/impianti-fotovoltaici-per-abitazioni-private\/#breadcrumb\",\"itemListElement\":[{\"@type\":\"ListItem\",\"position\":1,\"name\":\"Home\",\"item\":\"https:\/\/www.dlgroup.it\/\"},{\"@type\":\"ListItem\",\"position\":2,\"name\":\"Impianto fotovoltaico per abitazioni private\"}]},{\"@type\":\"WebSite\",\"@id\":\"https:\/\/www.dlgroup.it\/#website\",\"url\":\"https:\/\/www.dlgroup.it\/\",\"name\":\"One question, is there a tool that creates URLs automatically without having to type them?\",\"description\":\"Vendita e Installazione di Impianti fotovoltaici a Frosinone e nel Lazio\",\"publisher\":{\"@id\":\"https:\/\/www.dlgroup.it\/#organization\"},\"potentialAction\":[{\"@type\":\"SearchAction\",\"target\":{\"@type\":\"EntryPoint\",\"urlTemplate\":\"https:\/\/www.dlgroup.it\/?s={search_term_string}\"},\"query-input\":{\"@type\":\"PropertyValueSpecification\",\"valueRequired\":true,\"valueName\":\"search_term_string\"}}],\"inLanguage\":\"fr-FR\"},{\"@type\":\"Organization\",\"@id\":\"https:\/\/www.dlgroup.it\/#organization\",\"name\":\"De Luca Group\",\"url\":\"https:\/\/www.dlgroup.it\/\",\"logo\":{\"@type\":\"ImageObject\",\"inLanguage\":\"fr-FR\",\"@id\":\"https:\/\/www.dlgroup.it\/#\/schema\/logo\/image\/\",\"url\":\"https:\/\/www.dlgroup.it\/wp-content\/uploads\/2023\/12\/logo_1.png\",\"contentUrl\":\"https:\/\/www.dlgroup.it\/wp-content\/uploads\/2023\/12\/logo_1.png\",\"width\":350,\"height\":300,\"caption\":\"De Luca Group\"},\"image\":{\"@id\":\"https:\/\/www.dlgroup.it\/#\/schema\/logo\/image\/\"},\"publishingPrinciples\":\"https:\/\/www.dlgroup.it\/contattaci\/\"}]}<\/script>\n<!-- \/ Yoast SEO Premium plugin. -->","yoast_head_json":{"title":"Syst\u00e8mes photovolta\u00efques pour particuliers - Vente et installation de syst\u00e8mes photovolta\u00efques | Dl Group","description":"Acc\u00e9dez \u00e0 l'EcoBonus pour les syst\u00e8mes photovolta\u00efques destin\u00e9s aux particuliers, choisissez le GROUPE DE LUCA pour l'installation de panneaux solaires photovolta\u00efques.","robots":{"index":"index","follow":"follow","max-snippet":"max-snippet:-1","max-image-preview":"max-image-preview:large","max-video-preview":"max-video-preview:-1"},"canonical":"https:\/\/www.dlgroup.it\/fr\/systemes-photovoltaiques-pour-les-particuliers\/","og_locale":"fr_FR","og_type":"article","og_title":"Impianto fotovoltaico per abitazioni private","og_description":"Accedi agli EcoBonus per impianti fotovoltaici per abitazioni private, scegli la DE LUCA GROUP per l'installazione di pannelli solari fotovoltaici","og_url":"https:\/\/www.dlgroup.it\/fr\/systemes-photovoltaiques-pour-les-particuliers\/","og_site_name":"Vendita e Installazione di Impianti Fotovoltaici | Dl Group","article_modified_time":"2024-06-29T19:23:04+00:00","twitter_card":"summary_large_image","twitter_misc":{"Dur\u00e9e de lecture estim\u00e9e":"1 minute"},"schema":{"@context":"https:\/\/schema.org","@graph":[{"@type":"WebPage","@id":"https:\/\/www.dlgroup.it\/impianti-fotovoltaici-per-abitazioni-private\/","url":"https:\/\/www.dlgroup.it\/impianti-fotovoltaici-per-abitazioni-private\/","name":"Syst\u00e8mes photovolta\u00efques pour particuliers - Vente et installation de syst\u00e8mes photovolta\u00efques | Dl Group","isPartOf":{"@id":"https:\/\/www.dlgroup.it\/#website"},"datePublished":"2024-06-29T19:23:01+00:00","dateModified":"2024-06-29T19:23:04+00:00","description":"Acc\u00e9dez \u00e0 l'EcoBonus pour les syst\u00e8mes photovolta\u00efques destin\u00e9s aux particuliers, choisissez le GROUPE DE LUCA pour l'installation de panneaux solaires photovolta\u00efques.","breadcrumb":{"@id":"https:\/\/www.dlgroup.it\/impianti-fotovoltaici-per-abitazioni-private\/#breadcrumb"},"inLanguage":"fr-FR","potentialAction":[{"@type":"ReadAction","target":["https:\/\/www.dlgroup.it\/impianti-fotovoltaici-per-abitazioni-private\/"]}]},{"@type":"BreadcrumbList","@id":"https:\/\/www.dlgroup.it\/impianti-fotovoltaici-per-abitazioni-private\/#breadcrumb","itemListElement":[{"@type":"ListItem","position":1,"name":"Home","item":"https:\/\/www.dlgroup.it\/"},{"@type":"ListItem","position":2,"name":"Impianto fotovoltaico per abitazioni private"}]},{"@type":"WebSite","@id":"https:\/\/www.dlgroup.it\/#website","url":"https:\/\/www.dlgroup.it\/","name":"Une question, est-il un outil qui cr\u00e9e des Url automatiquement sans avoir \u00e0 les saisir?","description":"La vente et l'Installation de Syst\u00e8mes photovolta\u00efques et de Frosinone au Lazio","publisher":{"@id":"https:\/\/www.dlgroup.it\/#organization"},"potentialAction":[{"@type":"SearchAction","target":{"@type":"EntryPoint","urlTemplate":"https:\/\/www.dlgroup.it\/?s={search_term_string}"},"query-input":{"@type":"PropertyValueSpecification","valueRequired":true,"valueName":"search_term_string"}}],"inLanguage":"fr-FR"},{"@type":"Organization","@id":"https:\/\/www.dlgroup.it\/#organization","name":"De Luca Groupe","url":"https:\/\/www.dlgroup.it\/","logo":{"@type":"ImageObject","inLanguage":"fr-FR","@id":"https:\/\/www.dlgroup.it\/#\/schema\/logo\/image\/","url":"https:\/\/www.dlgroup.it\/wp-content\/uploads\/2023\/12\/logo_1.png","contentUrl":"https:\/\/www.dlgroup.it\/wp-content\/uploads\/2023\/12\/logo_1.png","width":350,"height":300,"caption":"De Luca Group"},"image":{"@id":"https:\/\/www.dlgroup.it\/#\/schema\/logo\/image\/"},"publishingPrinciples":"https:\/\/www.dlgroup.it\/contattaci\/"}]}},"_links":{"self":[{"href":"https:\/\/www.dlgroup.it\/fr\/wp-json\/wp\/v2\/pages\/1300","targetHints":{"allow":["GET"]}}],"collection":[{"href":"https:\/\/www.dlgroup.it\/fr\/wp-json\/wp\/v2\/pages"}],"about":[{"href":"https:\/\/www.dlgroup.it\/fr\/wp-json\/wp\/v2\/types\/page"}],"author":[{"embeddable":true,"href":"https:\/\/www.dlgroup.it\/fr\/wp-json\/wp\/v2\/users\/1"}],"replies":[{"embeddable":true,"href":"https:\/\/www.dlgroup.it\/fr\/wp-json\/wp\/v2\/comments?post=1300"}],"version-history":[{"count":1,"href":"https:\/\/www.dlgroup.it\/fr\/wp-json\/wp\/v2\/pages\/1300\/revisions"}],"predecessor-version":[{"id":1301,"href":"https:\/\/www.dlgroup.it\/fr\/wp-json\/wp\/v2\/pages\/1300\/revisions\/1301"}],"wp:attachment":[{"href":"https:\/\/www.dlgroup.it\/fr\/wp-json\/wp\/v2\/media?parent=1300"}],"curies":[{"name":"wp","href":"https:\/\/api.w.org\/{rel}","templated":true}]}}