{"id":1261,"date":"2024-06-28T23:03:27","date_gmt":"2024-06-28T23:03:27","guid":{"rendered":"https:\/\/www.dlgroup.it\/?page_id=1261"},"modified":"2024-06-28T23:03:30","modified_gmt":"2024-06-28T23:03:30","slug":"accumulo","status":"publish","type":"page","link":"https:\/\/www.dlgroup.it\/fr\/accumulo\/","title":{"rendered":"Syst\u00e8me De Stockage"},"content":{"rendered":"<p>Da sempre l\u2019uomo ha nella sua natura l\u2019istinto di mettere da parte e accumulare cose e questo vale soprattutto per noi italiani! Infatti siamo uno dei popoli che pi\u00f9 ha una propensione al risparmio in Europa!<\/p>\n\n\n\n<p>Da oggi sapevi che possiamo immagazzinare l\u2019energia con il sistema di accumulo dei nostri impianti fotovoltaici?? Questo vuol dire che possiamo mettere da parte l\u2019energia generata e non consumata cos\u00ec da poterla riutilizzare quanto pi\u00f9 ne abbiamo bisogno!<\/p>\n\n\n\n<p>Le batterie di accumulo funzionano in questo modo, l\u2019energia prodotta durante il giorno in eccesso verr\u00e0 immagazzinata nelle batterie cos\u00ec da poterla utilizzare a propria scelta durante le ore notturne fornendo energia alla tua abitazione anche in mancanza di corrente elettrica dovuta ad un blackout.<\/p>\n\n\n\n<p>Se hai un impianto fotovoltaico senza accumulo possiamo integrare al tuo impianto fotovoltaico delle batterie cos\u00ec da poter accumulare energia da poter utilizzare come e quando vuoi!!<\/p>\n\n\n\n<p>Installazione di batterie di accumulo per impianti fotovoltaici a Frosinone e Roma, richiedi un preventivo!<\/p>","protected":false},"excerpt":{"rendered":"<p>Da sempre l\u2019uomo ha nella sua natura l\u2019istinto di mettere da parte e accumulare cose e questo vale soprattutto per noi italiani! Infatti siamo uno dei popoli che pi\u00f9 ha una propensione al risparmio in Europa! Da oggi sapevi che possiamo immagazzinare l\u2019energia con il sistema di accumulo dei nostri impianti fotovoltaici?? Questo vuol dire che possiamo mettere da parte l\u2019energia generata e non consumata cos\u00ec da poterla riutilizzare quanto[&hellip;]<\/p>","protected":false},"author":1,"featured_media":0,"parent":0,"menu_order":0,"comment_status":"closed","ping_status":"closed","template":"","meta":{"footnotes":""},"class_list":["post-1261","page","type-page","status-publish","hentry"],"acf":[],"yoast_head":"<!-- This site is optimized with the Yoast SEO Premium plugin v25.7.1 (Yoast SEO v25.7) - https:\/\/yoast.com\/wordpress\/plugins\/seo\/ -->\n<title>Sistema Di Accumulo - Vendita e Installazione di Impianti Fotovoltaici | Dl Group<\/title>\n<meta name=\"description\" content=\"Con i nostri impianti fotovoltaici e con il sistema di accumulo potrai immagazzinare l\u2018energia in eccesso e utilizzarla come e quando vuoi.\" \/>\n<meta name=\"robots\" content=\"index, follow, max-snippet:-1, max-image-preview:large, max-video-preview:-1\" \/>\n<link rel=\"canonical\" href=\"https:\/\/www.dlgroup.it\/fr\/accumulo\/\" \/>\n<meta property=\"og:locale\" content=\"fr_FR\" \/>\n<meta property=\"og:type\" content=\"article\" \/>\n<meta property=\"og:title\" content=\"Sistema Di Accumulo\" \/>\n<meta property=\"og:description\" content=\"Con i nostri impianti fotovoltaici e con il sistema di accumulo potrai immagazzinare l\u2018energia in eccesso e utilizzarla come e quando vuoi.\" \/>\n<meta property=\"og:url\" content=\"https:\/\/www.dlgroup.it\/fr\/accumulo\/\" \/>\n<meta property=\"og:site_name\" content=\"Vendita e Installazione di Impianti Fotovoltaici | Dl Group\" \/>\n<meta property=\"article:modified_time\" content=\"2024-06-28T23:03:30+00:00\" \/>\n<meta name=\"twitter:card\" content=\"summary_large_image\" \/>\n<meta name=\"twitter:label1\" content=\"Dur\u00e9e de lecture estim\u00e9e\" \/>\n\t<meta name=\"twitter:data1\" content=\"1 minute\" \/>\n<script type=\"application\/ld+json\" class=\"yoast-schema-graph\">{\"@context\":\"https:\/\/schema.org\",\"@graph\":[{\"@type\":\"WebPage\",\"@id\":\"https:\/\/www.dlgroup.it\/accumulo\/\",\"url\":\"https:\/\/www.dlgroup.it\/accumulo\/\",\"name\":\"Sistema Di Accumulo - Vendita e Installazione di Impianti Fotovoltaici | Dl Group\",\"isPartOf\":{\"@id\":\"https:\/\/www.dlgroup.it\/#website\"},\"datePublished\":\"2024-06-28T23:03:27+00:00\",\"dateModified\":\"2024-06-28T23:03:30+00:00\",\"description\":\"Con i nostri impianti fotovoltaici e con il sistema di accumulo potrai immagazzinare l\u2018energia in eccesso e utilizzarla come e quando vuoi.\",\"breadcrumb\":{\"@id\":\"https:\/\/www.dlgroup.it\/accumulo\/#breadcrumb\"},\"inLanguage\":\"fr-FR\",\"potentialAction\":[{\"@type\":\"ReadAction\",\"target\":[\"https:\/\/www.dlgroup.it\/accumulo\/\"]}]},{\"@type\":\"BreadcrumbList\",\"@id\":\"https:\/\/www.dlgroup.it\/accumulo\/#breadcrumb\",\"itemListElement\":[{\"@type\":\"ListItem\",\"position\":1,\"name\":\"Home\",\"item\":\"https:\/\/www.dlgroup.it\/\"},{\"@type\":\"ListItem\",\"position\":2,\"name\":\"Sistema Di Accumulo\"}]},{\"@type\":\"WebSite\",\"@id\":\"https:\/\/www.dlgroup.it\/#website\",\"url\":\"https:\/\/www.dlgroup.it\/\",\"name\":\"One question, is there a tool that creates URLs automatically without having to type them?\",\"description\":\"Vendita e Installazione di Impianti fotovoltaici a Frosinone e nel Lazio\",\"publisher\":{\"@id\":\"https:\/\/www.dlgroup.it\/#organization\"},\"potentialAction\":[{\"@type\":\"SearchAction\",\"target\":{\"@type\":\"EntryPoint\",\"urlTemplate\":\"https:\/\/www.dlgroup.it\/?s={search_term_string}\"},\"query-input\":{\"@type\":\"PropertyValueSpecification\",\"valueRequired\":true,\"valueName\":\"search_term_string\"}}],\"inLanguage\":\"fr-FR\"},{\"@type\":\"Organization\",\"@id\":\"https:\/\/www.dlgroup.it\/#organization\",\"name\":\"De Luca Group\",\"url\":\"https:\/\/www.dlgroup.it\/\",\"logo\":{\"@type\":\"ImageObject\",\"inLanguage\":\"fr-FR\",\"@id\":\"https:\/\/www.dlgroup.it\/#\/schema\/logo\/image\/\",\"url\":\"https:\/\/www.dlgroup.it\/wp-content\/uploads\/2023\/12\/logo_1.png\",\"contentUrl\":\"https:\/\/www.dlgroup.it\/wp-content\/uploads\/2023\/12\/logo_1.png\",\"width\":350,\"height\":300,\"caption\":\"De Luca Group\"},\"image\":{\"@id\":\"https:\/\/www.dlgroup.it\/#\/schema\/logo\/image\/\"},\"publishingPrinciples\":\"https:\/\/www.dlgroup.it\/contattaci\/\"}]}<\/script>\n<!-- \/ Yoast SEO Premium plugin. -->","yoast_head_json":{"title":"Sistema Di Accumulo - Vendita e Installazione di Impianti Fotovoltaici | Dl Group","description":"Con i nostri impianti fotovoltaici e con il sistema di accumulo potrai immagazzinare l\u2018energia in eccesso e utilizzarla come e quando vuoi.","robots":{"index":"index","follow":"follow","max-snippet":"max-snippet:-1","max-image-preview":"max-image-preview:large","max-video-preview":"max-video-preview:-1"},"canonical":"https:\/\/www.dlgroup.it\/fr\/accumulo\/","og_locale":"fr_FR","og_type":"article","og_title":"Sistema Di Accumulo","og_description":"Con i nostri impianti fotovoltaici e con il sistema di accumulo potrai immagazzinare l\u2018energia in eccesso e utilizzarla come e quando vuoi.","og_url":"https:\/\/www.dlgroup.it\/fr\/accumulo\/","og_site_name":"Vendita e Installazione di Impianti Fotovoltaici | Dl Group","article_modified_time":"2024-06-28T23:03:30+00:00","twitter_card":"summary_large_image","twitter_misc":{"Dur\u00e9e de lecture estim\u00e9e":"1 minute"},"schema":{"@context":"https:\/\/schema.org","@graph":[{"@type":"WebPage","@id":"https:\/\/www.dlgroup.it\/accumulo\/","url":"https:\/\/www.dlgroup.it\/accumulo\/","name":"Sistema Di Accumulo - Vendita e Installazione di Impianti Fotovoltaici | Dl Group","isPartOf":{"@id":"https:\/\/www.dlgroup.it\/#website"},"datePublished":"2024-06-28T23:03:27+00:00","dateModified":"2024-06-28T23:03:30+00:00","description":"Con i nostri impianti fotovoltaici e con il sistema di accumulo potrai immagazzinare l\u2018energia in eccesso e utilizzarla come e quando vuoi.","breadcrumb":{"@id":"https:\/\/www.dlgroup.it\/accumulo\/#breadcrumb"},"inLanguage":"fr-FR","potentialAction":[{"@type":"ReadAction","target":["https:\/\/www.dlgroup.it\/accumulo\/"]}]},{"@type":"BreadcrumbList","@id":"https:\/\/www.dlgroup.it\/accumulo\/#breadcrumb","itemListElement":[{"@type":"ListItem","position":1,"name":"Home","item":"https:\/\/www.dlgroup.it\/"},{"@type":"ListItem","position":2,"name":"Sistema Di Accumulo"}]},{"@type":"WebSite","@id":"https:\/\/www.dlgroup.it\/#website","url":"https:\/\/www.dlgroup.it\/","name":"Une question, est-il un outil qui cr\u00e9e des Url automatiquement sans avoir \u00e0 les saisir?","description":"La vente et l'Installation de Syst\u00e8mes photovolta\u00efques et de Frosinone au Lazio","publisher":{"@id":"https:\/\/www.dlgroup.it\/#organization"},"potentialAction":[{"@type":"SearchAction","target":{"@type":"EntryPoint","urlTemplate":"https:\/\/www.dlgroup.it\/?s={search_term_string}"},"query-input":{"@type":"PropertyValueSpecification","valueRequired":true,"valueName":"search_term_string"}}],"inLanguage":"fr-FR"},{"@type":"Organization","@id":"https:\/\/www.dlgroup.it\/#organization","name":"De Luca Groupe","url":"https:\/\/www.dlgroup.it\/","logo":{"@type":"ImageObject","inLanguage":"fr-FR","@id":"https:\/\/www.dlgroup.it\/#\/schema\/logo\/image\/","url":"https:\/\/www.dlgroup.it\/wp-content\/uploads\/2023\/12\/logo_1.png","contentUrl":"https:\/\/www.dlgroup.it\/wp-content\/uploads\/2023\/12\/logo_1.png","width":350,"height":300,"caption":"De Luca Group"},"image":{"@id":"https:\/\/www.dlgroup.it\/#\/schema\/logo\/image\/"},"publishingPrinciples":"https:\/\/www.dlgroup.it\/contattaci\/"}]}},"_links":{"self":[{"href":"https:\/\/www.dlgroup.it\/fr\/wp-json\/wp\/v2\/pages\/1261","targetHints":{"allow":["GET"]}}],"collection":[{"href":"https:\/\/www.dlgroup.it\/fr\/wp-json\/wp\/v2\/pages"}],"about":[{"href":"https:\/\/www.dlgroup.it\/fr\/wp-json\/wp\/v2\/types\/page"}],"author":[{"embeddable":true,"href":"https:\/\/www.dlgroup.it\/fr\/wp-json\/wp\/v2\/users\/1"}],"replies":[{"embeddable":true,"href":"https:\/\/www.dlgroup.it\/fr\/wp-json\/wp\/v2\/comments?post=1261"}],"version-history":[{"count":1,"href":"https:\/\/www.dlgroup.it\/fr\/wp-json\/wp\/v2\/pages\/1261\/revisions"}],"predecessor-version":[{"id":1262,"href":"https:\/\/www.dlgroup.it\/fr\/wp-json\/wp\/v2\/pages\/1261\/revisions\/1262"}],"wp:attachment":[{"href":"https:\/\/www.dlgroup.it\/fr\/wp-json\/wp\/v2\/media?parent=1261"}],"curies":[{"name":"wp","href":"https:\/\/api.w.org\/{rel}","templated":true}]}}